{"id":650,"date":"2022-03-29T09:27:52","date_gmt":"2022-03-29T07:27:52","guid":{"rendered":"http:\/\/beta.mtcamini.it\/download\/"},"modified":"2024-02-16T11:31:54","modified_gmt":"2024-02-16T09:31:54","slug":"download","status":"publish","type":"page","link":"https:\/\/www.mtcamini.it\/fr\/download\/","title":{"rendered":"Download"},"content":{"rendered":"\n\t<section class=\"section\" id=\"section_1757056739\">\n\t\t<div class=\"section-bg fill\" >\n\t\t\t\t\t\t\t\t\t\n\t\t\t\n\n\t\t<\/div>\n\n\t\t\n\n\t\t<div class=\"section-content relative\">\n\t\t\t\n\n  <div class=\"banner has-hover\" id=\"banner-1597165143\">\n          <div class=\"banner-inner fill\">\n        <div class=\"banner-bg fill\" >\n            <img loading=\"lazy\" decoding=\"async\" width=\"1920\" height=\"800\" src=\"https:\/\/www.mtcamini.it\/wp-content\/uploads\/2022\/09\/testa_certificazioni.jpg\" class=\"bg attachment-original size-original\" alt=\"Certificazioni\" \/>                        <div class=\"overlay\"><\/div>            \n                    <\/div>\n\t\t\n        <div class=\"banner-layers container\">\n            <div class=\"fill banner-link\"><\/div>            \n   <div id=\"text-box-57082542\" class=\"text-box banner-layer x0 md-x0 lg-x0 y50 md-y50 lg-y50 res-text\">\n                     <div data-animate=\"fadeInLeft\">           <div class=\"text-box-content text dark\">\n              \n              <div class=\"text-inner text-left\">\n                  \n<h3 class=\"headline_with_icon_superheadline\" style=\"margin-left: 20px;\"><span style=\"font-size: 85%;\">\u00a0Notre coeur de m\u00e9tier depuis 1996<\/span><\/h3>\n<h1><span style=\"font-size: 140%;\">Download<\/span><\/h1>\n              <\/div>\n           <\/div>\n       <\/div>                     \n<style>\n#text-box-57082542 {\n  width: 51%;\n}\n#text-box-57082542 .text-box-content {\n  font-size: 100%;\n}\n<\/style>\n    <\/div>\n \n        <\/div>\n      <\/div>\n\n            \n<style>\n#banner-1597165143 {\n  padding-top: 400px;\n}\n#banner-1597165143 .overlay {\n  background-color: rgba(0,0,0,.5);\n}\n<\/style>\n  <\/div>\n\n\n\t\t<\/div>\n\n\t\t\n<style>\n#section_1757056739 {\n  padding-top: 30px;\n  padding-bottom: 30px;\n  min-height: 400px;\n}\n#section_1757056739 .section-bg img {\n  object-position: 51% 77%;\n}\n<\/style>\n\t<\/section>\n\t\n\n\t<section class=\"section\" id=\"section_1370513796\">\n\t\t<div class=\"section-bg fill\" >\n\t\t\t\t\t\t\t\t\t\n\t\t\t\n\n\t\t<\/div>\n\n\t\t\n\n\t\t<div class=\"section-content relative\">\n\t\t\t\n<div class=\"row row-collapse\"  id=\"row-121436898\">\n\n\t<div id=\"col-1885059639\" class=\"col small-12 large-12\"  >\n\t\t\t\t<div class=\"col-inner\"  >\n\t\t\t\n\t\t\t\n\t<div id=\"text-843124217\" class=\"text\">\n\t\t\n<h2 class=\"uppercase thin-font\">CATALOGUE<\/h2>\n\t\t\n<style>\n#text-843124217 {\n  color: rgb(0, 180, 81);\n}\n#text-843124217 > * {\n  color: rgb(0, 180, 81);\n}\n<\/style>\n\t<\/div>\n\t\n\t\t<\/div>\n\t\t\t\t\t<\/div>\n\n\t\n\n\t<div id=\"col-1282722895\" class=\"col medium-6 small-12 large-6\"  >\n\t\t\t\t<div class=\"col-inner\"  >\n\t\t\t\n\t<div class=\"is-border\"\n\t\tstyle=\"border-color:rgb(199, 199, 199);border-width:1px 1px 1px 1;margin:0px 20px 0px 0px;\">\n\t<\/div>\n\t\t\t\n<ul class=\"demo\">\n<li><a style=\"width: 80%;\" href=\"\/wp-content\/uploads\/2024\/02\/Catalogo-2024-01-web-noprezzi.pdf\" target=\"_blank\" rel=\"noopener\"><i class=\"far fa-file-pdf\"><\/i>\u00a0 CATALOGUE PRODUITS 2024<\/a><\/li>\n<\/ul>\n\t\t<\/div>\n\t\t\t\t\n<style>\n#col-1282722895 > .col-inner {\n  padding: 30px 60px 30px 30px;\n}\n<\/style>\n\t<\/div>\n\n\t\n\n\t<div id=\"col-809940570\" class=\"col medium-6 small-12 large-6\"  >\n\t\t\t\t<div class=\"col-inner\"  >\n\t\t\t\n\t\t\t\n\t\t<\/div>\n\t\t\t\t\t<\/div>\n\n\t\n<\/div>\n\t<div id=\"gap-662497648\" class=\"gap-element clearfix\" style=\"display:block; height:auto;\">\n\t\t\n<style>\n#gap-662497648 {\n  padding-top: 50px;\n}\n<\/style>\n\t<\/div>\n\t\n<div class=\"row row-collapse\"  id=\"row-488594941\">\n\n\t<div id=\"col-1916383655\" class=\"col small-12 large-12\"  >\n\t\t\t\t<div class=\"col-inner\"  >\n\t\t\t\n\t\t\t\n\t<div id=\"text-1767366332\" class=\"text\">\n\t\t\n<h2 class=\"uppercase thin-font\">PLAQUES DE FUM\u00c9ES<\/h2>\n\t\t\n<style>\n#text-1767366332 {\n  color: rgb(0, 180, 81);\n}\n#text-1767366332 > * {\n  color: rgb(0, 180, 81);\n}\n<\/style>\n\t<\/div>\n\t\n\t\t<\/div>\n\t\t\t\t\t<\/div>\n\n\t\n\n\t<div id=\"col-337548207\" class=\"col small-12 large-12\"  >\n\t\t\t\t<div class=\"col-inner\"  >\n\t\t\t\n\t<div class=\"is-border\"\n\t\tstyle=\"border-color:rgb(199, 199, 199);border-width:1px 1px 1px 1;\">\n\t<\/div>\n\t\t\t\n<p class=\"p1\">La plaque chemin\u00e9e est un document officiel, qui identifie les sp\u00e9cifications techniques du produit appliqu\u00e9. Elle doit \u00eatre remplie dans son<br \/>\nint\u00e9gralit\u00e9 par le technicien\/installateur certifi\u00e9 et qualifi\u00e9 selon les lois de la nation, et positionn\u00e9e clairement visible pr\u00e8s de l&rsquo;installation. Le prix<br \/>\nnet de chaque plaque chemin\u00e9e en aluminium s\u00e9rigraphi\u00e9e est de \u20ac 1,50.<\/p>\n<ul class=\"demo\">\n<li><i class=\"far fa-image\"><\/i> <a href=\"\/wp-content\/uploads\/2022\/09\/Placca-identificativa-COASS-ISO10-MONO-04-maggio-2021.pdf_page_1.jpg\" target=\"_blank\" rel=\"noopener\">Plaque identification: Concentrique Inox-Inox, DOUBLE 10, MONO ECO 04<\/a><\/li>\n<li><i class=\"far fa-image\"><\/i> <a href=\"\/wp-content\/uploads\/2022\/09\/Placca-identificativa-COLORATI-NERI-maggio-2021.pdf_page_1.jpg\" target=\"_blank\" rel=\"noopener\">Plaque identification: TUYAUX RACCORDEMENT PEINT NOIR <\/a><\/li>\n<li><i class=\"far fa-image\"><\/i> <a href=\"\/wp-content\/uploads\/2022\/09\/Placca-identificativa-DOPPIA-PARETE-gennaio-2020.pdf_page_1.jpg\">Plaque identification: CONDUITS DE CHEMIN\u00c9E DOUBLE PAROI<\/a><\/li>\n<li><i class=\"far fa-image\"><\/i> <a href=\"\/wp-content\/uploads\/2022\/09\/Placca-identificativa-FLESSIBILE-maggio-2021.pdf_page_1.jpg\">Plaque identification: TUBAGES FLEXIBLES<\/a><\/li>\n<li><i class=\"far fa-image\"><\/i> <a href=\"\/wp-content\/uploads\/2022\/09\/Placca-identificativa-MONO-PARETE-gennaio-2020.pdf_page_1.jpg\">Plaque identification: SIMPLE PAROI Inox<\/a><\/li>\n<li><i class=\"far fa-image\"><\/i> <a href=\"\/wp-content\/uploads\/2022\/09\/Placca-identificativa-PLASTICA-e-COASS-maggio-2021.pdf_page_1.jpg\">Plaque identification: Plastique, Concentrique PPs-Inox<\/a><\/li>\n<li><a href=\"\/wp-content\/uploads\/2022\/09\/Targhe-fumi-istruzioni.pdf\"><i class=\"far fa-file-pdf\"><\/i> Instructions pour remplir la plaque chemin\u00e9e<\/a><\/li>\n<\/ul>\n\t\t<\/div>\n\t\t\t\t\n<style>\n#col-337548207 > .col-inner {\n  padding: 30px 30px 30px 30px;\n}\n<\/style>\n\t<\/div>\n\n\t\n<\/div>\n\t\t<\/div>\n\n\t\t\n<style>\n#section_1370513796 {\n  padding-top: 30px;\n  padding-bottom: 30px;\n}\n<\/style>\n\t<\/section>\n\t\n","protected":false},"excerpt":{"rendered":"","protected":false},"author":1,"featured_media":0,"parent":0,"menu_order":0,"comment_status":"closed","ping_status":"closed","template":"page-blank.php","meta":{"_acf_changed":false,"footnotes":""},"class_list":["post-650","page","type-page","status-publish","hentry"],"acf":[],"yoast_head":"<!-- This site is optimized with the Yoast SEO plugin v27.5 - https:\/\/yoast.com\/product\/yoast-seo-wordpress\/ -->\n<title>Download | MT Camini<\/title>\n<meta name=\"robots\" content=\"index, follow, max-snippet:-1, max-image-preview:large, max-video-preview:-1\" \/>\n<link rel=\"canonical\" href=\"https:\/\/www.mtcamini.it\/fr\/download\/\" \/>\n<meta property=\"og:locale\" content=\"fr_FR\" \/>\n<meta property=\"og:type\" content=\"article\" \/>\n<meta property=\"og:title\" content=\"Download | MT Camini\" \/>\n<meta property=\"og:url\" content=\"https:\/\/www.mtcamini.it\/fr\/download\/\" \/>\n<meta property=\"og:site_name\" content=\"MT Camini\" \/>\n<meta property=\"article:modified_time\" content=\"2024-02-16T09:31:54+00:00\" \/>\n<meta name=\"twitter:card\" content=\"summary_large_image\" \/>\n<meta name=\"twitter:label1\" content=\"Dur\u00e9e de lecture estim\u00e9e\" \/>\n\t<meta name=\"twitter:data1\" content=\"2 minutes\" \/>\n<script type=\"application\/ld+json\" class=\"yoast-schema-graph\">{\"@context\":\"https:\\\/\\\/schema.org\",\"@graph\":[{\"@type\":\"WebPage\",\"@id\":\"https:\\\/\\\/www.mtcamini.it\\\/fr\\\/download\\\/\",\"url\":\"https:\\\/\\\/www.mtcamini.it\\\/fr\\\/download\\\/\",\"name\":\"Download | MT Camini\",\"isPartOf\":{\"@id\":\"https:\\\/\\\/www.mtcamini.it\\\/#website\"},\"datePublished\":\"2022-03-29T07:27:52+00:00\",\"dateModified\":\"2024-02-16T09:31:54+00:00\",\"breadcrumb\":{\"@id\":\"https:\\\/\\\/www.mtcamini.it\\\/fr\\\/download\\\/#breadcrumb\"},\"inLanguage\":\"fr-FR\",\"potentialAction\":[{\"@type\":\"ReadAction\",\"target\":[\"https:\\\/\\\/www.mtcamini.it\\\/fr\\\/download\\\/\"]}]},{\"@type\":\"BreadcrumbList\",\"@id\":\"https:\\\/\\\/www.mtcamini.it\\\/fr\\\/download\\\/#breadcrumb\",\"itemListElement\":[{\"@type\":\"ListItem\",\"position\":1,\"name\":\"Home\",\"item\":\"https:\\\/\\\/www.mtcamini.it\\\/fr\\\/\"},{\"@type\":\"ListItem\",\"position\":2,\"name\":\"Download\"}]},{\"@type\":\"WebSite\",\"@id\":\"https:\\\/\\\/www.mtcamini.it\\\/#website\",\"url\":\"https:\\\/\\\/www.mtcamini.it\\\/\",\"name\":\"MT Camini\",\"description\":\"Facciamo camini dal 1996\",\"publisher\":{\"@id\":\"https:\\\/\\\/www.mtcamini.it\\\/#organization\"},\"potentialAction\":[{\"@type\":\"SearchAction\",\"target\":{\"@type\":\"EntryPoint\",\"urlTemplate\":\"https:\\\/\\\/www.mtcamini.it\\\/?s={search_term_string}\"},\"query-input\":{\"@type\":\"PropertyValueSpecification\",\"valueRequired\":true,\"valueName\":\"search_term_string\"}}],\"inLanguage\":\"fr-FR\"},{\"@type\":\"Organization\",\"@id\":\"https:\\\/\\\/www.mtcamini.it\\\/#organization\",\"name\":\"MT Camini\",\"url\":\"https:\\\/\\\/www.mtcamini.it\\\/\",\"logo\":{\"@type\":\"ImageObject\",\"inLanguage\":\"fr-FR\",\"@id\":\"https:\\\/\\\/www.mtcamini.it\\\/#\\\/schema\\\/logo\\\/image\\\/\",\"url\":\"https:\\\/\\\/www.mtcamini.it\\\/wp-content\\\/uploads\\\/2022\\\/08\\\/cropped-favicon-logo-verde.jpg\",\"contentUrl\":\"https:\\\/\\\/www.mtcamini.it\\\/wp-content\\\/uploads\\\/2022\\\/08\\\/cropped-favicon-logo-verde.jpg\",\"width\":512,\"height\":512,\"caption\":\"MT Camini\"},\"image\":{\"@id\":\"https:\\\/\\\/www.mtcamini.it\\\/#\\\/schema\\\/logo\\\/image\\\/\"}}]}<\/script>\n<!-- \/ Yoast SEO plugin. -->","yoast_head_json":{"title":"Download | MT Camini","robots":{"index":"index","follow":"follow","max-snippet":"max-snippet:-1","max-image-preview":"max-image-preview:large","max-video-preview":"max-video-preview:-1"},"canonical":"https:\/\/www.mtcamini.it\/fr\/download\/","og_locale":"fr_FR","og_type":"article","og_title":"Download | MT Camini","og_url":"https:\/\/www.mtcamini.it\/fr\/download\/","og_site_name":"MT Camini","article_modified_time":"2024-02-16T09:31:54+00:00","twitter_card":"summary_large_image","twitter_misc":{"Dur\u00e9e de lecture estim\u00e9e":"2 minutes"},"schema":{"@context":"https:\/\/schema.org","@graph":[{"@type":"WebPage","@id":"https:\/\/www.mtcamini.it\/fr\/download\/","url":"https:\/\/www.mtcamini.it\/fr\/download\/","name":"Download | MT Camini","isPartOf":{"@id":"https:\/\/www.mtcamini.it\/#website"},"datePublished":"2022-03-29T07:27:52+00:00","dateModified":"2024-02-16T09:31:54+00:00","breadcrumb":{"@id":"https:\/\/www.mtcamini.it\/fr\/download\/#breadcrumb"},"inLanguage":"fr-FR","potentialAction":[{"@type":"ReadAction","target":["https:\/\/www.mtcamini.it\/fr\/download\/"]}]},{"@type":"BreadcrumbList","@id":"https:\/\/www.mtcamini.it\/fr\/download\/#breadcrumb","itemListElement":[{"@type":"ListItem","position":1,"name":"Home","item":"https:\/\/www.mtcamini.it\/fr\/"},{"@type":"ListItem","position":2,"name":"Download"}]},{"@type":"WebSite","@id":"https:\/\/www.mtcamini.it\/#website","url":"https:\/\/www.mtcamini.it\/","name":"MT Camini","description":"Facciamo camini dal 1996","publisher":{"@id":"https:\/\/www.mtcamini.it\/#organization"},"potentialAction":[{"@type":"SearchAction","target":{"@type":"EntryPoint","urlTemplate":"https:\/\/www.mtcamini.it\/?s={search_term_string}"},"query-input":{"@type":"PropertyValueSpecification","valueRequired":true,"valueName":"search_term_string"}}],"inLanguage":"fr-FR"},{"@type":"Organization","@id":"https:\/\/www.mtcamini.it\/#organization","name":"MT Camini","url":"https:\/\/www.mtcamini.it\/","logo":{"@type":"ImageObject","inLanguage":"fr-FR","@id":"https:\/\/www.mtcamini.it\/#\/schema\/logo\/image\/","url":"https:\/\/www.mtcamini.it\/wp-content\/uploads\/2022\/08\/cropped-favicon-logo-verde.jpg","contentUrl":"https:\/\/www.mtcamini.it\/wp-content\/uploads\/2022\/08\/cropped-favicon-logo-verde.jpg","width":512,"height":512,"caption":"MT Camini"},"image":{"@id":"https:\/\/www.mtcamini.it\/#\/schema\/logo\/image\/"}}]}},"_links":{"self":[{"href":"https:\/\/www.mtcamini.it\/fr\/wp-json\/wp\/v2\/pages\/650","targetHints":{"allow":["GET"]}}],"collection":[{"href":"https:\/\/www.mtcamini.it\/fr\/wp-json\/wp\/v2\/pages"}],"about":[{"href":"https:\/\/www.mtcamini.it\/fr\/wp-json\/wp\/v2\/types\/page"}],"author":[{"embeddable":true,"href":"https:\/\/www.mtcamini.it\/fr\/wp-json\/wp\/v2\/users\/1"}],"replies":[{"embeddable":true,"href":"https:\/\/www.mtcamini.it\/fr\/wp-json\/wp\/v2\/comments?post=650"}],"version-history":[{"count":8,"href":"https:\/\/www.mtcamini.it\/fr\/wp-json\/wp\/v2\/pages\/650\/revisions"}],"predecessor-version":[{"id":3586,"href":"https:\/\/www.mtcamini.it\/fr\/wp-json\/wp\/v2\/pages\/650\/revisions\/3586"}],"wp:attachment":[{"href":"https:\/\/www.mtcamini.it\/fr\/wp-json\/wp\/v2\/media?parent=650"}],"curies":[{"name":"wp","href":"https:\/\/api.w.org\/{rel}","templated":true}]}}