{"id":624,"date":"2022-03-29T09:26:48","date_gmt":"2022-03-29T07:26:48","guid":{"rendered":"http:\/\/beta.mtcamini.it\/azienda\/"},"modified":"2026-03-05T11:04:11","modified_gmt":"2026-03-05T09:04:11","slug":"entreprise","status":"publish","type":"page","link":"https:\/\/www.mtcamini.it\/fr\/entreprise\/","title":{"rendered":"Entreprise"},"content":{"rendered":"\n\t<section class=\"section\" id=\"section_401256581\">\n\t\t<div class=\"section-bg fill\" >\n\t\t\t\t\t\t\t\t\t\n\t\t\t\n\n\t\t<\/div>\n\n\t\t\n\n\t\t<div class=\"section-content relative\">\n\t\t\t\n\n  <div class=\"banner has-hover\" id=\"banner-1815015461\">\n          <div class=\"banner-inner fill\">\n        <div class=\"banner-bg fill\" >\n            <img loading=\"lazy\" decoding=\"async\" width=\"1920\" height=\"1280\" src=\"https:\/\/www.mtcamini.it\/wp-content\/uploads\/2022\/08\/Azienda_mt_camini.jpg\" class=\"bg attachment-original size-original\" alt=\"Azienda MT Camini\" \/>                                    \n                    <\/div>\n\t\t\n        <div class=\"banner-layers container\">\n            <div class=\"fill banner-link\"><\/div>            \n   <div id=\"text-box-1113876953\" class=\"text-box banner-layer x0 md-x0 lg-x0 y15 md-y15 lg-y15 res-text\">\n                     <div data-animate=\"fadeInLeft\">           <div class=\"text-box-content text \">\n              \n              <div class=\"text-inner text-left\">\n                  \n<h3 class=\"headline_with_icon_superheadline\" style=\"margin-left: 20px;\">\u00a0Chemin\u00e9es en inox depuis 1996<\/h3>\n<h1><span style=\"font-size: 120%;\">M.T. CAMINI srl<\/span><\/h1>\n              <\/div>\n           <\/div>\n       <\/div>                     \n<style>\n#text-box-1113876953 {\n  width: 51%;\n}\n#text-box-1113876953 .text-box-content {\n  font-size: 100%;\n}\n<\/style>\n    <\/div>\n \n        <\/div>\n      <\/div>\n\n            \n<style>\n#banner-1815015461 {\n  padding-top: 750px;\n}\n#banner-1815015461 .banner-bg img {\n  object-position: 41% 75%;\n}\n<\/style>\n  <\/div>\n\n\n\t\t<\/div>\n\n\t\t\n<style>\n#section_401256581 {\n  padding-top: 30px;\n  padding-bottom: 30px;\n  min-height: 700px;\n}\n#section_401256581 .section-bg img {\n  object-position: 51% 77%;\n}\n<\/style>\n\t<\/section>\n\t\n\n\t<section class=\"section\" id=\"section_1344563744\">\n\t\t<div class=\"section-bg fill\" >\n\t\t\t\t\t\t\t\t\t\n\t\t\t\n\n\t\t<\/div>\n\n\t\t\n\n\t\t<div class=\"section-content relative\">\n\t\t\t\n<div class=\"row\"  id=\"row-1024886769\">\n\n\t<div id=\"col-1601466334\" class=\"col small-12 large-12\"  >\n\t\t\t\t<div class=\"col-inner\"  >\n\t\t\t\n\t\t\t\n\t<div id=\"gap-851293988\" class=\"gap-element clearfix\" style=\"display:block; height:auto;\">\n\t\t\n<style>\n#gap-851293988 {\n  padding-top: 30px;\n}\n<\/style>\n\t<\/div>\n\t\n<h1 class=\"uppercase\"><span style=\"font-size: 180%;\">entreprise<\/span><\/h1>\n<p>La soci\u00e9t\u00e9 M.T. Srl est n\u00e9e en 1996 de l&rsquo;esprit d&rsquo;entreprise de Mr. Romano Caoduro et de ses associ\u00e9s, gr\u00e2ce \u00e0 l&rsquo;exp\u00e9rience de vingt ans de ses fondateurs et de ses travailleurs comp\u00e9tents dans le secteur des conduits de chemin\u00e9e.<\/p>\n<p>A partir du d\u00e9but, la MISSION de la soci\u00e9t\u00e9 est donn\u00e9e par la recherche constante de la plus haute qualit\u00e9 : des mat\u00e9riaux judicieusement choisis en fonction de l&rsquo;usage auquel ils seront destin\u00e9s, des fournisseurs attentifs \u00e0 l&rsquo;atteinte des objectifs fix\u00e9s par la direction, la gestion de la production et le flux de donn\u00e9es visant \u00e0 minimiser les gaspillages et les inefficacit\u00e9s environnement de travail, ainsi que des logiciels de pointe pour dimensionner les chemin\u00e9es. Tels sont les principes sur lesquels repose le travail de l&rsquo;entreprise, qui a pour finalit\u00e9 d&rsquo;obtenir les standards de certification pour les produits M.T. En fait, depuis des ann\u00e9es, la capacit\u00e9 de M.T. Srl dans la production de produits en acier inoxydable et en cuivre est m\u00e9ticuleusement certifi\u00e9e par les organismes et laboratoires appropri\u00e9s. En plus, on peut bien ajouter \u00e0 ce savoir-faire consolid\u00e9, une comp\u00e9tence profonde dans le domaine du traitement d&rsquo;autres mat\u00e9riaux \u00e0 tr\u00e8s haute valeur ajout\u00e9e, tout d&rsquo;abord le TITANE, le m\u00e9tal d\u00e9finitif pour \u00e9liminer tout probl\u00e8me de corrosion dans le conduit, le rendant ainsi quasiment \u00e9ternel.<\/p>\n<p>La flexibilit\u00e9 qui caract\u00e9rise l\u2019entreprise M.T. a toujours \u00e9t\u00e9 fondamentale, car elle permet de r\u00e9pondre aux demandes particuli\u00e8res de chaque client individuel, en proposant des solutions personnalis\u00e9es et cibl\u00e9es, cons\u00e9quences directes aussi de la cr\u00e9ativit\u00e9 et de la rapidit\u00e9 des techniciens sp\u00e9cialis\u00e9s que l\u2019usine vante dans son personnel depuis sa fondation.<br \/>La volont\u00e9 continue d&rsquo;am\u00e9liorer chaque produit et les diff\u00e9rentes gammes pour atteindre une satisfaction compl\u00e8te du client ne s&rsquo;est pas arr\u00eat\u00e9e \u00e0 ce point : elle a r\u00e9cemment abouti \u00e0 l&rsquo;acquisition d&rsquo;un BREVET EUROP\u00c9EN pour un nouveau type d&rsquo;accouplement appliqu\u00e9 aux tuyaux de GRAND DIAM\u00c8TRE.<\/p>\n<p>C&rsquo;est l\u2019esprit sans \u00e9quivoque qui distingue l&rsquo;attitude de la M.T. Srl vers le march\u00e9 et les d\u00e9fis qu&rsquo;il pose, m\u00eame en temps de crise ou de difficult\u00e9 : cr\u00e9er de l&rsquo;innovation, d\u00e9velopper de nouvelles id\u00e9es qui peuvent rivaliser avec les grandes entreprises industrielles et, en tout cas, croire sans aucun doute que le d\u00e9vouement au travail et les comp\u00e9tences pour l&rsquo;ex\u00e9cuter sont \u00e0 la fois \u00e0 l&rsquo;origine des succ\u00e8s du pass\u00e9 et de ceux que l&rsquo;entreprise conna\u00eetra certainement dans le futur.<br \/>R\u00e9cemment, l&rsquo;entreprise a pris une nouvelle dimension familiale avec l&rsquo;entr\u00e9e dans la structure corporative des fils de Mr. Romano, Michele et Maurizio, qui perp\u00e9tuent les enseignements de leur p\u00e8re avec beaucoup d&rsquo;habilet\u00e9 et de sagesse, et les mettent en oeuvre jour par jour avec un esprit d&rsquo;innovation et une attention \u00e0 la recherche et au d\u00e9veloppement, pour constamment renforcer et \u00e9largir ce qui a \u00e9t\u00e9 r\u00e9alis\u00e9 jusqu&rsquo;\u00e0 pr\u00e9sent soit sur le march\u00e9 italien qu\u2019\u00e9tranger.<\/p>\n\t\t<\/div>\n\t\t\t\t\t<\/div>\n\n\t\n\n\t<div id=\"col-2071724986\" class=\"col medium-9 small-12 large-9\"  >\n\t\t\t\t<div class=\"col-inner\"  >\n\t\t\t\n\t\t\t\n\n\t\t<\/div>\n\t\t\t\t\t<\/div>\n\n\t\n<\/div>\n\t\t<\/div>\n\n\t\t\n<style>\n#section_1344563744 {\n  padding-top: 30px;\n  padding-bottom: 30px;\n}\n<\/style>\n\t<\/section>\n\t\n\n\t<section class=\"section video-full-width\" id=\"section_2010349691\">\n\t\t<div class=\"section-bg fill\" >\n\t\t\t\t\t\t\t<div class=\"video-overlay no-click fill visible\"><\/div>\n\t<video class=\"video-bg fill visible\" preload playsinline autoplay muted loop>\n\t\t<source src=\"https:\/\/www.mtcamini.it\/wp-content\/uploads\/2026\/02\/Video_Chi_siamo_noaudio.mp4\" type=\"video\/mp4\">\t<\/video>\n\t\t\t\n\t\t\t\n\n\t\t<\/div>\n\n\t\t\n\n\t\t<div class=\"section-content relative\">\n\t\t\t\n\t\t<\/div>\n\n\t\t\n<style>\n#section_2010349691 {\n  padding-top: 0px;\n  padding-bottom: 0px;\n  margin-bottom: 0px;\n  min-height: 80vh;\n}\n<\/style>\n\t<\/section>\n\t\n","protected":false},"excerpt":{"rendered":"","protected":false},"author":1,"featured_media":0,"parent":0,"menu_order":0,"comment_status":"closed","ping_status":"closed","template":"page-blank.php","meta":{"_acf_changed":false,"footnotes":""},"class_list":["post-624","page","type-page","status-publish","hentry"],"acf":[],"yoast_head":"<!-- This site is optimized with the Yoast SEO plugin v27.5 - https:\/\/yoast.com\/product\/yoast-seo-wordpress\/ -->\n<title>Vendita Canne Fumarie, Fumisteria | MT Camini<\/title>\n<meta name=\"description\" content=\"Scopri MT Camini: produzione e vendita di manufatti in acciaio inox e in rame certificati da enti e laboratori preposti.\" \/>\n<meta name=\"robots\" content=\"index, follow, max-snippet:-1, max-image-preview:large, max-video-preview:-1\" \/>\n<link rel=\"canonical\" href=\"https:\/\/www.mtcamini.it\/azienda\/\" \/>\n<meta property=\"og:locale\" content=\"fr_FR\" \/>\n<meta property=\"og:type\" content=\"article\" \/>\n<meta property=\"og:title\" content=\"Vendita Canne Fumarie, Fumisteria | MT Camini\" \/>\n<meta property=\"og:description\" content=\"Scopri MT Camini: produzione e vendita di manufatti in acciaio inox e in rame certificati da enti e laboratori preposti.\" \/>\n<meta property=\"og:url\" content=\"https:\/\/www.mtcamini.it\/azienda\/\" \/>\n<meta property=\"og:site_name\" content=\"MT Camini\" \/>\n<meta property=\"article:modified_time\" content=\"2026-03-05T09:04:11+00:00\" \/>\n<meta name=\"twitter:card\" content=\"summary_large_image\" \/>\n<meta name=\"twitter:label1\" content=\"Dur\u00e9e de lecture estim\u00e9e\" \/>\n\t<meta name=\"twitter:data1\" content=\"3 minutes\" \/>\n<script type=\"application\/ld+json\" class=\"yoast-schema-graph\">{\"@context\":\"https:\\\/\\\/schema.org\",\"@graph\":[{\"@type\":\"WebPage\",\"@id\":\"https:\\\/\\\/www.mtcamini.it\\\/azienda\\\/\",\"url\":\"https:\\\/\\\/www.mtcamini.it\\\/azienda\\\/\",\"name\":\"Vendita Canne Fumarie, Fumisteria | MT Camini\",\"isPartOf\":{\"@id\":\"https:\\\/\\\/www.mtcamini.it\\\/#website\"},\"datePublished\":\"2022-03-29T07:26:48+00:00\",\"dateModified\":\"2026-03-05T09:04:11+00:00\",\"description\":\"Scopri MT Camini: produzione e vendita di manufatti in acciaio inox e in rame certificati da enti e laboratori preposti.\",\"breadcrumb\":{\"@id\":\"https:\\\/\\\/www.mtcamini.it\\\/azienda\\\/#breadcrumb\"},\"inLanguage\":\"fr-FR\",\"potentialAction\":[{\"@type\":\"ReadAction\",\"target\":[\"https:\\\/\\\/www.mtcamini.it\\\/azienda\\\/\"]}]},{\"@type\":\"BreadcrumbList\",\"@id\":\"https:\\\/\\\/www.mtcamini.it\\\/azienda\\\/#breadcrumb\",\"itemListElement\":[{\"@type\":\"ListItem\",\"position\":1,\"name\":\"Home\",\"item\":\"https:\\\/\\\/www.mtcamini.it\\\/fr\\\/\"},{\"@type\":\"ListItem\",\"position\":2,\"name\":\"Entreprise\"}]},{\"@type\":\"WebSite\",\"@id\":\"https:\\\/\\\/www.mtcamini.it\\\/#website\",\"url\":\"https:\\\/\\\/www.mtcamini.it\\\/\",\"name\":\"MT Camini\",\"description\":\"Facciamo camini dal 1996\",\"publisher\":{\"@id\":\"https:\\\/\\\/www.mtcamini.it\\\/#organization\"},\"potentialAction\":[{\"@type\":\"SearchAction\",\"target\":{\"@type\":\"EntryPoint\",\"urlTemplate\":\"https:\\\/\\\/www.mtcamini.it\\\/?s={search_term_string}\"},\"query-input\":{\"@type\":\"PropertyValueSpecification\",\"valueRequired\":true,\"valueName\":\"search_term_string\"}}],\"inLanguage\":\"fr-FR\"},{\"@type\":\"Organization\",\"@id\":\"https:\\\/\\\/www.mtcamini.it\\\/#organization\",\"name\":\"MT Camini\",\"url\":\"https:\\\/\\\/www.mtcamini.it\\\/\",\"logo\":{\"@type\":\"ImageObject\",\"inLanguage\":\"fr-FR\",\"@id\":\"https:\\\/\\\/www.mtcamini.it\\\/#\\\/schema\\\/logo\\\/image\\\/\",\"url\":\"https:\\\/\\\/www.mtcamini.it\\\/wp-content\\\/uploads\\\/2022\\\/08\\\/cropped-favicon-logo-verde.jpg\",\"contentUrl\":\"https:\\\/\\\/www.mtcamini.it\\\/wp-content\\\/uploads\\\/2022\\\/08\\\/cropped-favicon-logo-verde.jpg\",\"width\":512,\"height\":512,\"caption\":\"MT Camini\"},\"image\":{\"@id\":\"https:\\\/\\\/www.mtcamini.it\\\/#\\\/schema\\\/logo\\\/image\\\/\"}}]}<\/script>\n<!-- \/ Yoast SEO plugin. -->","yoast_head_json":{"title":"Vendita Canne Fumarie, Fumisteria | MT Camini","description":"Scopri MT Camini: produzione e vendita di manufatti in acciaio inox e in rame certificati da enti e laboratori preposti.","robots":{"index":"index","follow":"follow","max-snippet":"max-snippet:-1","max-image-preview":"max-image-preview:large","max-video-preview":"max-video-preview:-1"},"canonical":"https:\/\/www.mtcamini.it\/azienda\/","og_locale":"fr_FR","og_type":"article","og_title":"Vendita Canne Fumarie, Fumisteria | MT Camini","og_description":"Scopri MT Camini: produzione e vendita di manufatti in acciaio inox e in rame certificati da enti e laboratori preposti.","og_url":"https:\/\/www.mtcamini.it\/azienda\/","og_site_name":"MT Camini","article_modified_time":"2026-03-05T09:04:11+00:00","twitter_card":"summary_large_image","twitter_misc":{"Dur\u00e9e de lecture estim\u00e9e":"3 minutes"},"schema":{"@context":"https:\/\/schema.org","@graph":[{"@type":"WebPage","@id":"https:\/\/www.mtcamini.it\/azienda\/","url":"https:\/\/www.mtcamini.it\/azienda\/","name":"Vendita Canne Fumarie, Fumisteria | MT Camini","isPartOf":{"@id":"https:\/\/www.mtcamini.it\/#website"},"datePublished":"2022-03-29T07:26:48+00:00","dateModified":"2026-03-05T09:04:11+00:00","description":"Scopri MT Camini: produzione e vendita di manufatti in acciaio inox e in rame certificati da enti e laboratori preposti.","breadcrumb":{"@id":"https:\/\/www.mtcamini.it\/azienda\/#breadcrumb"},"inLanguage":"fr-FR","potentialAction":[{"@type":"ReadAction","target":["https:\/\/www.mtcamini.it\/azienda\/"]}]},{"@type":"BreadcrumbList","@id":"https:\/\/www.mtcamini.it\/azienda\/#breadcrumb","itemListElement":[{"@type":"ListItem","position":1,"name":"Home","item":"https:\/\/www.mtcamini.it\/fr\/"},{"@type":"ListItem","position":2,"name":"Entreprise"}]},{"@type":"WebSite","@id":"https:\/\/www.mtcamini.it\/#website","url":"https:\/\/www.mtcamini.it\/","name":"MT Camini","description":"Facciamo camini dal 1996","publisher":{"@id":"https:\/\/www.mtcamini.it\/#organization"},"potentialAction":[{"@type":"SearchAction","target":{"@type":"EntryPoint","urlTemplate":"https:\/\/www.mtcamini.it\/?s={search_term_string}"},"query-input":{"@type":"PropertyValueSpecification","valueRequired":true,"valueName":"search_term_string"}}],"inLanguage":"fr-FR"},{"@type":"Organization","@id":"https:\/\/www.mtcamini.it\/#organization","name":"MT Camini","url":"https:\/\/www.mtcamini.it\/","logo":{"@type":"ImageObject","inLanguage":"fr-FR","@id":"https:\/\/www.mtcamini.it\/#\/schema\/logo\/image\/","url":"https:\/\/www.mtcamini.it\/wp-content\/uploads\/2022\/08\/cropped-favicon-logo-verde.jpg","contentUrl":"https:\/\/www.mtcamini.it\/wp-content\/uploads\/2022\/08\/cropped-favicon-logo-verde.jpg","width":512,"height":512,"caption":"MT Camini"},"image":{"@id":"https:\/\/www.mtcamini.it\/#\/schema\/logo\/image\/"}}]}},"_links":{"self":[{"href":"https:\/\/www.mtcamini.it\/fr\/wp-json\/wp\/v2\/pages\/624","targetHints":{"allow":["GET"]}}],"collection":[{"href":"https:\/\/www.mtcamini.it\/fr\/wp-json\/wp\/v2\/pages"}],"about":[{"href":"https:\/\/www.mtcamini.it\/fr\/wp-json\/wp\/v2\/types\/page"}],"author":[{"embeddable":true,"href":"https:\/\/www.mtcamini.it\/fr\/wp-json\/wp\/v2\/users\/1"}],"replies":[{"embeddable":true,"href":"https:\/\/www.mtcamini.it\/fr\/wp-json\/wp\/v2\/comments?post=624"}],"version-history":[{"count":11,"href":"https:\/\/www.mtcamini.it\/fr\/wp-json\/wp\/v2\/pages\/624\/revisions"}],"predecessor-version":[{"id":4888,"href":"https:\/\/www.mtcamini.it\/fr\/wp-json\/wp\/v2\/pages\/624\/revisions\/4888"}],"wp:attachment":[{"href":"https:\/\/www.mtcamini.it\/fr\/wp-json\/wp\/v2\/media?parent=624"}],"curies":[{"name":"wp","href":"https:\/\/api.w.org\/{rel}","templated":true}]}}