{"id":5118,"date":"2026-02-04T09:59:39","date_gmt":"2026-02-04T07:59:39","guid":{"rendered":"https:\/\/www.mtcamini.it\/?page_id=5118"},"modified":"2026-04-21T14:49:31","modified_gmt":"2026-04-21T12:49:31","slug":"grands-diametres","status":"publish","type":"page","link":"https:\/\/www.mtcamini.it\/fr\/systemes-industriels\/grands-diametres\/","title":{"rendered":"Grands Diam\u00e8tres"},"content":{"rendered":"\n\t<section class=\"section\" id=\"section_1792939954\">\n\t\t<div class=\"section-bg fill\" >\n\t\t\t\t\t\t\t\t\t\n\t\t\t\n\n\t\t<\/div>\n\n\t\t\n\n\t\t<div class=\"section-content relative\">\n\t\t\t\n\n  <div class=\"banner has-hover\" id=\"banner-988845954\">\n          <div class=\"banner-inner fill\">\n        <div class=\"banner-bg fill\" >\n            <img loading=\"lazy\" decoding=\"async\" width=\"2560\" height=\"1435\" src=\"https:\/\/www.mtcamini.it\/wp-content\/uploads\/2026\/01\/AdobeStock_1561484723-scaled.jpeg\" class=\"bg attachment-original size-original\" alt=\"\" \/>                        <div class=\"overlay\"><\/div>            \n                    <\/div>\n\t\t\n        <div class=\"banner-layers container\">\n            <div class=\"fill banner-link\"><\/div>            \n   <div id=\"text-box-148145294\" class=\"text-box banner-layer x0 md-x0 lg-x0 y50 md-y50 lg-y50 res-text\">\n                     <div data-animate=\"fadeInLeft\">           <div class=\"text-box-content text dark\">\n              \n              <div class=\"text-inner text-left\">\n                  \n<h3 class=\"headline_with_icon_superheadline\" style=\"margin-left: 20px;\"><span style=\"font-size: 85%;\">Syst\u00e8mes industriels<\/span><\/h3>\n<h1><span style=\"font-size: 140%;\">Conduits de fum\u00e9e de grand diam\u00e8tre<\/span><\/h1>\n              <\/div>\n           <\/div>\n       <\/div>                     \n<style>\n#text-box-148145294 {\n  width: 51%;\n}\n#text-box-148145294 .text-box-content {\n  font-size: 100%;\n}\n<\/style>\n    <\/div>\n \n        <\/div>\n      <\/div>\n\n            \n<style>\n#banner-988845954 {\n  padding-top: 650px;\n}\n#banner-988845954 .overlay {\n  background-color: rgba(0, 0, 0, 0.5);\n}\n#banner-988845954 .banner-bg img {\n  object-position: 60% 0%;\n}\n<\/style>\n  <\/div>\n\n\n\t\t<\/div>\n\n\t\t\n<style>\n#section_1792939954 {\n  padding-top: 0px;\n  padding-bottom: 0px;\n  min-height: 600px;\n}\n<\/style>\n\t<\/section>\n\t\n<div class=\"row align-middle\"  id=\"row-190688936\">\n\n\t<div id=\"col-420450420\" class=\"col small-12 large-12\"  >\n\t\t\t\t<div class=\"col-inner\"  >\n\t\t\t\n\t\t\t\n<h2><strong>Conception de conduits de fum\u00e9e de grand diam\u00e8tre<\/strong><\/h2>\n<p><strong>MT Camini<\/strong> con\u00e7oit et r\u00e9alise des <strong>conduits de fum\u00e9e de grand diam\u00e8tre<\/strong> pour centrales thermiques, installations industrielles et g\u00e9n\u00e9rateurs de grande puissance, avec des solutions d\u2019ing\u00e9nierie con\u00e7ues pour g\u00e9rer des d\u00e9bits \u00e9lev\u00e9s de fum\u00e9es et des temp\u00e9ratures de fonctionnement importantes.<br \/>\nPour la r\u00e9alisation de <strong>conduits de fum\u00e9e de grande dimension<\/strong>, nous utilisons des <strong>mat\u00e9riaux anticorrosion<\/strong> et des <strong>rev\u00eatements r\u00e9fractaires<\/strong>, effectuons le calcul des dilatations thermiques et des charges structurelles, et int\u00e9grons des syst\u00e8mes d\u2019acc\u00e8s pour l\u2019inspection et la maintenance afin de garantir s\u00e9curit\u00e9, durabilit\u00e9 et conformit\u00e9 aux r\u00e9glementations environnementales et de s\u00e9curit\u00e9.<\/p>\n\t\t<\/div>\n\t\t\t\t\t<\/div>\n\n\t\n<\/div>\n<div class=\"row align-middle\"  id=\"row-2124835967\">\n\n\t<div id=\"col-1104734590\" class=\"col medium-6 small-12 large-6\"  >\n\t\t\t\t<div class=\"col-inner\"  >\n\t\t\t\n\t\t\t\n<h3 class=\"headline_with_icon_superheadline\" style=\"margin-left: 20px;\"><\/h3>\n<h2><strong>Conduits de fum\u00e9e de grand diam\u00e8tre : devis personnalis\u00e9s<\/strong><\/h2>\n<p>Notre exp\u00e9rience dans la r\u00e9alisation de <strong>conduits de fum\u00e9e de grand diam\u00e8tre<\/strong> couvre la visite technique sur site, la conception d\u00e9taill\u00e9e, la pr\u00e9fabrication en atelier et la <strong>pose certifi\u00e9e<\/strong>, avec essais de tirage, suivi des \u00e9missions et remise de toute la documentation n\u00e9cessaire pour les autorisations et les mises en service.<br \/>\nPour recevoir un <strong>devis technique personnalis\u00e9<\/strong> pour la r\u00e9alisation de conduits de fum\u00e9e de grand diam\u00e8tre, merci de nous communiquer le site d\u2019installation, le type de combustible et le d\u00e9bit des fum\u00e9es ; nous pr\u00e9parerons une proposition incluant d\u00e9lais et co\u00fbts estim\u00e9s.<\/p>\n\n\t\n\n\n<div style=\"text-align: center\">\n<a href=\"\/fr\/contacts\/\" class=\"button success\" style=\"border-radius:10px;margin: auto\">\n\t<span>Demande d'informations<\/span>\n<\/a>\n<\/div>\n\n    \n\n\t\t<\/div>\n\t\t\t\t\t<\/div>\n\n\t\n\n\t<div id=\"col-128622661\" class=\"col medium-6 small-12 large-6\"  >\n\t\t\t\t<div class=\"col-inner text-left\"  >\n\t\t\t\n\t\t\t\n\t<div class=\"img has-hover x md-x lg-x y md-y lg-y\" id=\"image_901109091\">\n\t\t\t\t\t\t\t\t<div class=\"img-inner image-cover dark\" style=\"padding-top:75%;\">\n\t\t\t<img loading=\"lazy\" decoding=\"async\" width=\"1020\" height=\"680\" src=\"https:\/\/www.mtcamini.it\/wp-content\/uploads\/2026\/02\/AdobeStock_573042614-1024x683.jpeg\" class=\"attachment-large size-large\" alt=\"\" srcset=\"https:\/\/www.mtcamini.it\/wp-content\/uploads\/2026\/02\/AdobeStock_573042614-1024x683.jpeg 1024w, https:\/\/www.mtcamini.it\/wp-content\/uploads\/2026\/02\/AdobeStock_573042614-300x200.jpeg 300w, https:\/\/www.mtcamini.it\/wp-content\/uploads\/2026\/02\/AdobeStock_573042614-768x512.jpeg 768w, https:\/\/www.mtcamini.it\/wp-content\/uploads\/2026\/02\/AdobeStock_573042614-1536x1024.jpeg 1536w, https:\/\/www.mtcamini.it\/wp-content\/uploads\/2026\/02\/AdobeStock_573042614-2048x1365.jpeg 2048w\" sizes=\"auto, (max-width: 1020px) 100vw, 1020px\" \/>\t\t\t\t\t\t\n\t\t\t\t\t<\/div>\n\t\t\t\t\t\t\t\t\n<style>\n#image_901109091 {\n  width: 100%;\n}\n<\/style>\n\t<\/div>\n\t\n\t\t<\/div>\n\t\t\t\t\t<\/div>\n\n\t\n<\/div>\n","protected":false},"excerpt":{"rendered":"","protected":false},"author":7,"featured_media":0,"parent":5098,"menu_order":0,"comment_status":"closed","ping_status":"closed","template":"page-transparent-header.php","meta":{"_acf_changed":false,"footnotes":""},"class_list":["post-5118","page","type-page","status-publish","hentry"],"acf":[],"yoast_head":"<!-- This site is optimized with the Yoast SEO plugin v27.5 - https:\/\/yoast.com\/product\/yoast-seo-wordpress\/ -->\n<title>Grands Diam\u00e8tres | MT Camini<\/title>\n<meta name=\"robots\" content=\"index, follow, max-snippet:-1, max-image-preview:large, max-video-preview:-1\" \/>\n<link rel=\"canonical\" href=\"https:\/\/www.mtcamini.it\/fr\/systemes-industriels\/grands-diametres\/\" \/>\n<meta property=\"og:locale\" content=\"fr_FR\" \/>\n<meta property=\"og:type\" content=\"article\" \/>\n<meta property=\"og:title\" content=\"Grands Diam\u00e8tres | MT Camini\" \/>\n<meta property=\"og:url\" content=\"https:\/\/www.mtcamini.it\/fr\/systemes-industriels\/grands-diametres\/\" \/>\n<meta property=\"og:site_name\" content=\"MT Camini\" \/>\n<meta property=\"article:modified_time\" content=\"2026-04-21T12:49:31+00:00\" \/>\n<meta name=\"twitter:card\" content=\"summary_large_image\" \/>\n<script type=\"application\/ld+json\" class=\"yoast-schema-graph\">{\"@context\":\"https:\\\/\\\/schema.org\",\"@graph\":[{\"@type\":\"WebPage\",\"@id\":\"https:\\\/\\\/www.mtcamini.it\\\/fr\\\/systemes-industriels\\\/grands-diametres\\\/\",\"url\":\"https:\\\/\\\/www.mtcamini.it\\\/fr\\\/systemes-industriels\\\/grands-diametres\\\/\",\"name\":\"Grands Diam\u00e8tres | MT Camini\",\"isPartOf\":{\"@id\":\"https:\\\/\\\/www.mtcamini.it\\\/#website\"},\"datePublished\":\"2026-02-04T07:59:39+00:00\",\"dateModified\":\"2026-04-21T12:49:31+00:00\",\"breadcrumb\":{\"@id\":\"https:\\\/\\\/www.mtcamini.it\\\/fr\\\/systemes-industriels\\\/grands-diametres\\\/#breadcrumb\"},\"inLanguage\":\"fr-FR\",\"potentialAction\":[{\"@type\":\"ReadAction\",\"target\":[\"https:\\\/\\\/www.mtcamini.it\\\/fr\\\/systemes-industriels\\\/grands-diametres\\\/\"]}]},{\"@type\":\"BreadcrumbList\",\"@id\":\"https:\\\/\\\/www.mtcamini.it\\\/fr\\\/systemes-industriels\\\/grands-diametres\\\/#breadcrumb\",\"itemListElement\":[{\"@type\":\"ListItem\",\"position\":1,\"name\":\"Home\",\"item\":\"https:\\\/\\\/www.mtcamini.it\\\/fr\\\/\"},{\"@type\":\"ListItem\",\"position\":2,\"name\":\"Syst\u00e8mes industriels\",\"item\":\"https:\\\/\\\/www.mtcamini.it\\\/fr\\\/systemes-industriels\\\/\"},{\"@type\":\"ListItem\",\"position\":3,\"name\":\"Grands Diam\u00e8tres\"}]},{\"@type\":\"WebSite\",\"@id\":\"https:\\\/\\\/www.mtcamini.it\\\/#website\",\"url\":\"https:\\\/\\\/www.mtcamini.it\\\/\",\"name\":\"MT Camini\",\"description\":\"Facciamo camini dal 1996\",\"publisher\":{\"@id\":\"https:\\\/\\\/www.mtcamini.it\\\/#organization\"},\"potentialAction\":[{\"@type\":\"SearchAction\",\"target\":{\"@type\":\"EntryPoint\",\"urlTemplate\":\"https:\\\/\\\/www.mtcamini.it\\\/?s={search_term_string}\"},\"query-input\":{\"@type\":\"PropertyValueSpecification\",\"valueRequired\":true,\"valueName\":\"search_term_string\"}}],\"inLanguage\":\"fr-FR\"},{\"@type\":\"Organization\",\"@id\":\"https:\\\/\\\/www.mtcamini.it\\\/#organization\",\"name\":\"MT Camini\",\"url\":\"https:\\\/\\\/www.mtcamini.it\\\/\",\"logo\":{\"@type\":\"ImageObject\",\"inLanguage\":\"fr-FR\",\"@id\":\"https:\\\/\\\/www.mtcamini.it\\\/#\\\/schema\\\/logo\\\/image\\\/\",\"url\":\"https:\\\/\\\/www.mtcamini.it\\\/wp-content\\\/uploads\\\/2022\\\/08\\\/cropped-favicon-logo-verde.jpg\",\"contentUrl\":\"https:\\\/\\\/www.mtcamini.it\\\/wp-content\\\/uploads\\\/2022\\\/08\\\/cropped-favicon-logo-verde.jpg\",\"width\":512,\"height\":512,\"caption\":\"MT Camini\"},\"image\":{\"@id\":\"https:\\\/\\\/www.mtcamini.it\\\/#\\\/schema\\\/logo\\\/image\\\/\"}}]}<\/script>\n<!-- \/ Yoast SEO plugin. -->","yoast_head_json":{"title":"Grands Diam\u00e8tres | MT Camini","robots":{"index":"index","follow":"follow","max-snippet":"max-snippet:-1","max-image-preview":"max-image-preview:large","max-video-preview":"max-video-preview:-1"},"canonical":"https:\/\/www.mtcamini.it\/fr\/systemes-industriels\/grands-diametres\/","og_locale":"fr_FR","og_type":"article","og_title":"Grands Diam\u00e8tres | MT Camini","og_url":"https:\/\/www.mtcamini.it\/fr\/systemes-industriels\/grands-diametres\/","og_site_name":"MT Camini","article_modified_time":"2026-04-21T12:49:31+00:00","twitter_card":"summary_large_image","schema":{"@context":"https:\/\/schema.org","@graph":[{"@type":"WebPage","@id":"https:\/\/www.mtcamini.it\/fr\/systemes-industriels\/grands-diametres\/","url":"https:\/\/www.mtcamini.it\/fr\/systemes-industriels\/grands-diametres\/","name":"Grands Diam\u00e8tres | MT Camini","isPartOf":{"@id":"https:\/\/www.mtcamini.it\/#website"},"datePublished":"2026-02-04T07:59:39+00:00","dateModified":"2026-04-21T12:49:31+00:00","breadcrumb":{"@id":"https:\/\/www.mtcamini.it\/fr\/systemes-industriels\/grands-diametres\/#breadcrumb"},"inLanguage":"fr-FR","potentialAction":[{"@type":"ReadAction","target":["https:\/\/www.mtcamini.it\/fr\/systemes-industriels\/grands-diametres\/"]}]},{"@type":"BreadcrumbList","@id":"https:\/\/www.mtcamini.it\/fr\/systemes-industriels\/grands-diametres\/#breadcrumb","itemListElement":[{"@type":"ListItem","position":1,"name":"Home","item":"https:\/\/www.mtcamini.it\/fr\/"},{"@type":"ListItem","position":2,"name":"Syst\u00e8mes industriels","item":"https:\/\/www.mtcamini.it\/fr\/systemes-industriels\/"},{"@type":"ListItem","position":3,"name":"Grands Diam\u00e8tres"}]},{"@type":"WebSite","@id":"https:\/\/www.mtcamini.it\/#website","url":"https:\/\/www.mtcamini.it\/","name":"MT Camini","description":"Facciamo camini dal 1996","publisher":{"@id":"https:\/\/www.mtcamini.it\/#organization"},"potentialAction":[{"@type":"SearchAction","target":{"@type":"EntryPoint","urlTemplate":"https:\/\/www.mtcamini.it\/?s={search_term_string}"},"query-input":{"@type":"PropertyValueSpecification","valueRequired":true,"valueName":"search_term_string"}}],"inLanguage":"fr-FR"},{"@type":"Organization","@id":"https:\/\/www.mtcamini.it\/#organization","name":"MT Camini","url":"https:\/\/www.mtcamini.it\/","logo":{"@type":"ImageObject","inLanguage":"fr-FR","@id":"https:\/\/www.mtcamini.it\/#\/schema\/logo\/image\/","url":"https:\/\/www.mtcamini.it\/wp-content\/uploads\/2022\/08\/cropped-favicon-logo-verde.jpg","contentUrl":"https:\/\/www.mtcamini.it\/wp-content\/uploads\/2022\/08\/cropped-favicon-logo-verde.jpg","width":512,"height":512,"caption":"MT Camini"},"image":{"@id":"https:\/\/www.mtcamini.it\/#\/schema\/logo\/image\/"}}]}},"_links":{"self":[{"href":"https:\/\/www.mtcamini.it\/fr\/wp-json\/wp\/v2\/pages\/5118","targetHints":{"allow":["GET"]}}],"collection":[{"href":"https:\/\/www.mtcamini.it\/fr\/wp-json\/wp\/v2\/pages"}],"about":[{"href":"https:\/\/www.mtcamini.it\/fr\/wp-json\/wp\/v2\/types\/page"}],"author":[{"embeddable":true,"href":"https:\/\/www.mtcamini.it\/fr\/wp-json\/wp\/v2\/users\/7"}],"replies":[{"embeddable":true,"href":"https:\/\/www.mtcamini.it\/fr\/wp-json\/wp\/v2\/comments?post=5118"}],"version-history":[{"count":2,"href":"https:\/\/www.mtcamini.it\/fr\/wp-json\/wp\/v2\/pages\/5118\/revisions"}],"predecessor-version":[{"id":5120,"href":"https:\/\/www.mtcamini.it\/fr\/wp-json\/wp\/v2\/pages\/5118\/revisions\/5120"}],"up":[{"embeddable":true,"href":"https:\/\/www.mtcamini.it\/fr\/wp-json\/wp\/v2\/pages\/5098"}],"wp:attachment":[{"href":"https:\/\/www.mtcamini.it\/fr\/wp-json\/wp\/v2\/media?parent=5118"}],"curies":[{"name":"wp","href":"https:\/\/api.w.org\/{rel}","templated":true}]}}