{"id":5111,"date":"2026-02-04T09:59:35","date_gmt":"2026-02-04T07:59:35","guid":{"rendered":"https:\/\/www.mtcamini.it\/?page_id=5111"},"modified":"2026-04-21T14:47:31","modified_gmt":"2026-04-21T12:47:31","slug":"ventilation-industrielle","status":"publish","type":"page","link":"https:\/\/www.mtcamini.it\/fr\/systemes-industriels\/ventilation-industrielle\/","title":{"rendered":"Ventilation industrielle"},"content":{"rendered":"\n\t<section class=\"section\" id=\"section_1789410488\">\n\t\t<div class=\"section-bg fill\" >\n\t\t\t\t\t\t\t\t\t\n\t\t\t\n\n\t\t<\/div>\n\n\t\t\n\n\t\t<div class=\"section-content relative\">\n\t\t\t\n\n  <div class=\"banner has-hover\" id=\"banner-2131061374\">\n          <div class=\"banner-inner fill\">\n        <div class=\"banner-bg fill\" >\n            <img loading=\"lazy\" decoding=\"async\" width=\"2560\" height=\"1707\" src=\"https:\/\/www.mtcamini.it\/wp-content\/uploads\/2026\/01\/AdobeStock_297775369-scaled.jpeg\" class=\"bg attachment-original size-original\" alt=\"\" \/>                        <div class=\"overlay\"><\/div>            \n                    <\/div>\n\t\t\n        <div class=\"banner-layers container\">\n            <div class=\"fill banner-link\"><\/div>            \n   <div id=\"text-box-432061096\" class=\"text-box banner-layer x0 md-x0 lg-x0 y50 md-y50 lg-y50 res-text\">\n                     <div data-animate=\"fadeInLeft\">           <div class=\"text-box-content text dark\">\n              \n              <div class=\"text-inner text-left\">\n                  \n<h3 class=\"headline_with_icon_superheadline\" style=\"margin-left: 20px;\"><span style=\"font-size: 85%;\">Syst\u00e8mes industriels<\/span><\/h3>\n<h1><span style=\"font-size: 140%;\">Syst\u00e8mes de ventilation industrielle<\/span><\/h1>\n              <\/div>\n           <\/div>\n       <\/div>                     \n<style>\n#text-box-432061096 {\n  width: 76%;\n}\n#text-box-432061096 .text-box-content {\n  font-size: 100%;\n}\n<\/style>\n    <\/div>\n \n        <\/div>\n      <\/div>\n\n            \n<style>\n#banner-2131061374 {\n  padding-top: 650px;\n}\n#banner-2131061374 .overlay {\n  background-color: rgba(0, 0, 0, 0.5);\n}\n<\/style>\n  <\/div>\n\n\n\t\t<\/div>\n\n\t\t\n<style>\n#section_1789410488 {\n  padding-top: 0px;\n  padding-bottom: 0px;\n  min-height: 600px;\n}\n<\/style>\n\t<\/section>\n\t\n<div class=\"row align-middle\"  id=\"row-1880480353\">\n\n\t<div id=\"col-1911151795\" class=\"col small-12 large-12\"  >\n\t\t\t\t<div class=\"col-inner\"  >\n\t\t\t\n\t\t\t\n<h2><strong>Syst\u00e8mes de ventilation industrielle sur mesure<\/strong><\/h2>\n<p><strong>MT Camini<\/strong> con\u00e7oit et r\u00e9alise des <strong>syst\u00e8mes de ventilation industrielle sur mesure<\/strong> pour sites de production, entrep\u00f4ts et centrales thermiques. Nos solutions int\u00e8grent l\u2019analyse des charges thermiques, le calcul des d\u00e9bits d\u2019air ainsi que la s\u00e9lection de ventilateurs, filtres et \u00e9changeurs adapt\u00e9s aux exigences des proc\u00e9d\u00e9s et aux <strong>r\u00e9glementations environnementales<\/strong>.<br \/>\nNos <strong>syst\u00e8mes de ventilation industrielle<\/strong> comprennent l\u2019extraction des fum\u00e9es, la ventilation de process et le renouvellement d\u2019air pour les zones \u00e0 risque, en utilisant des mat\u00e9riaux et composants certifi\u00e9s afin de garantir efficacit\u00e9 \u00e9nerg\u00e9tique, r\u00e9duction des \u00e9missions et continuit\u00e9 de fonctionnement, m\u00eame dans des conditions exigeantes.<\/p>\n\t\t<\/div>\n\t\t\t\t\t<\/div>\n\n\t\n<\/div>\n<div class=\"row align-middle\"  id=\"row-1986726455\">\n\n\t<div id=\"col-767569777\" class=\"col medium-6 small-12 large-6\"  >\n\t\t\t\t<div class=\"col-inner\"  >\n\t\t\t\n\t\t\t\n<h3 class=\"headline_with_icon_superheadline\" style=\"margin-left: 20px;\"><\/h3>\n<h2><strong>Conception de syst\u00e8mes de ventilation<\/strong><\/h2>\n<p>La <strong>conception des syst\u00e8mes de ventilation<\/strong> de <strong>MT Camini<\/strong> commence par une <strong>visite technique sur site<\/strong> et des <strong>mesures instrumentales<\/strong> afin de d\u00e9finir le dimensionnement des r\u00e9seaux a\u00e9rauliques, l\u2019implantation et le choix des dispositifs de contr\u00f4le et de surveillance. Elle se poursuit par la r\u00e9alisation des \u00e9tudes d\u00e9taill\u00e9es, la mise en \u0153uvre, les essais fonctionnels et la remise de la <strong>documentation technique<\/strong> n\u00e9cessaire aux autorisations et \u00e0 la maintenance.<br \/>\nPour recevoir un <strong>devis technique personnalis\u00e9<\/strong>, veuillez nous communiquer le site d\u2019installation, le type de proc\u00e9d\u00e9 et le d\u00e9bit d\u2019air requis ; nous vous proposerons une solution incluant d\u00e9lais et co\u00fbts estim\u00e9s.<\/p>\n\n\t\n\n\n<div style=\"text-align: center\">\n<a href=\"\/fr\/contacts\/\" class=\"button success\" style=\"border-radius:10px;margin: auto\">\n\t<span>Demande d'informations<\/span>\n<\/a>\n<\/div>\n\n    \n\n\t\t<\/div>\n\t\t\t\t\t<\/div>\n\n\t\n\n\t<div id=\"col-482088274\" class=\"col medium-6 small-12 large-6\"  >\n\t\t\t\t<div class=\"col-inner text-left\"  >\n\t\t\t\n\t\t\t\n\t<div class=\"img has-hover x md-x lg-x y md-y lg-y\" id=\"image_885274642\">\n\t\t\t\t\t\t\t\t<div class=\"img-inner image-cover dark\" style=\"padding-top:75%;\">\n\t\t\t<img loading=\"lazy\" decoding=\"async\" width=\"1020\" height=\"595\" src=\"https:\/\/www.mtcamini.it\/wp-content\/uploads\/2026\/01\/AdobeStock_538522817-1024x597.jpeg\" class=\"attachment-large size-large\" alt=\"\" srcset=\"https:\/\/www.mtcamini.it\/wp-content\/uploads\/2026\/01\/AdobeStock_538522817-1024x597.jpeg 1024w, https:\/\/www.mtcamini.it\/wp-content\/uploads\/2026\/01\/AdobeStock_538522817-300x175.jpeg 300w, https:\/\/www.mtcamini.it\/wp-content\/uploads\/2026\/01\/AdobeStock_538522817-768x448.jpeg 768w, https:\/\/www.mtcamini.it\/wp-content\/uploads\/2026\/01\/AdobeStock_538522817-1536x896.jpeg 1536w, https:\/\/www.mtcamini.it\/wp-content\/uploads\/2026\/01\/AdobeStock_538522817-2048x1195.jpeg 2048w\" sizes=\"auto, (max-width: 1020px) 100vw, 1020px\" \/>\t\t\t\t\t\t\n\t\t\t\t\t<\/div>\n\t\t\t\t\t\t\t\t\n<style>\n#image_885274642 {\n  width: 100%;\n}\n<\/style>\n\t<\/div>\n\t\n\t\t<\/div>\n\t\t\t\t\t<\/div>\n\n\t\n<\/div>\n","protected":false},"excerpt":{"rendered":"","protected":false},"author":7,"featured_media":0,"parent":5098,"menu_order":0,"comment_status":"closed","ping_status":"closed","template":"page-transparent-header.php","meta":{"_acf_changed":false,"footnotes":""},"class_list":["post-5111","page","type-page","status-publish","hentry"],"acf":[],"yoast_head":"<!-- This site is optimized with the Yoast SEO plugin v27.5 - https:\/\/yoast.com\/product\/yoast-seo-wordpress\/ -->\n<title>Ventilation industrielle | MT Camini<\/title>\n<meta name=\"robots\" content=\"index, follow, max-snippet:-1, max-image-preview:large, max-video-preview:-1\" \/>\n<link rel=\"canonical\" href=\"https:\/\/www.mtcamini.it\/fr\/systemes-industriels\/ventilation-industrielle\/\" \/>\n<meta property=\"og:locale\" content=\"fr_FR\" \/>\n<meta property=\"og:type\" content=\"article\" \/>\n<meta property=\"og:title\" content=\"Ventilation industrielle | MT Camini\" \/>\n<meta property=\"og:url\" content=\"https:\/\/www.mtcamini.it\/fr\/systemes-industriels\/ventilation-industrielle\/\" \/>\n<meta property=\"og:site_name\" content=\"MT Camini\" \/>\n<meta property=\"article:modified_time\" content=\"2026-04-21T12:47:31+00:00\" \/>\n<meta name=\"twitter:card\" content=\"summary_large_image\" \/>\n<script type=\"application\/ld+json\" class=\"yoast-schema-graph\">{\"@context\":\"https:\\\/\\\/schema.org\",\"@graph\":[{\"@type\":\"WebPage\",\"@id\":\"https:\\\/\\\/www.mtcamini.it\\\/fr\\\/systemes-industriels\\\/ventilation-industrielle\\\/\",\"url\":\"https:\\\/\\\/www.mtcamini.it\\\/fr\\\/systemes-industriels\\\/ventilation-industrielle\\\/\",\"name\":\"Ventilation industrielle | MT Camini\",\"isPartOf\":{\"@id\":\"https:\\\/\\\/www.mtcamini.it\\\/#website\"},\"datePublished\":\"2026-02-04T07:59:35+00:00\",\"dateModified\":\"2026-04-21T12:47:31+00:00\",\"breadcrumb\":{\"@id\":\"https:\\\/\\\/www.mtcamini.it\\\/fr\\\/systemes-industriels\\\/ventilation-industrielle\\\/#breadcrumb\"},\"inLanguage\":\"fr-FR\",\"potentialAction\":[{\"@type\":\"ReadAction\",\"target\":[\"https:\\\/\\\/www.mtcamini.it\\\/fr\\\/systemes-industriels\\\/ventilation-industrielle\\\/\"]}]},{\"@type\":\"BreadcrumbList\",\"@id\":\"https:\\\/\\\/www.mtcamini.it\\\/fr\\\/systemes-industriels\\\/ventilation-industrielle\\\/#breadcrumb\",\"itemListElement\":[{\"@type\":\"ListItem\",\"position\":1,\"name\":\"Home\",\"item\":\"https:\\\/\\\/www.mtcamini.it\\\/fr\\\/\"},{\"@type\":\"ListItem\",\"position\":2,\"name\":\"Syst\u00e8mes industriels\",\"item\":\"https:\\\/\\\/www.mtcamini.it\\\/fr\\\/systemes-industriels\\\/\"},{\"@type\":\"ListItem\",\"position\":3,\"name\":\"Ventilation industrielle\"}]},{\"@type\":\"WebSite\",\"@id\":\"https:\\\/\\\/www.mtcamini.it\\\/#website\",\"url\":\"https:\\\/\\\/www.mtcamini.it\\\/\",\"name\":\"MT Camini\",\"description\":\"Facciamo camini dal 1996\",\"publisher\":{\"@id\":\"https:\\\/\\\/www.mtcamini.it\\\/#organization\"},\"potentialAction\":[{\"@type\":\"SearchAction\",\"target\":{\"@type\":\"EntryPoint\",\"urlTemplate\":\"https:\\\/\\\/www.mtcamini.it\\\/?s={search_term_string}\"},\"query-input\":{\"@type\":\"PropertyValueSpecification\",\"valueRequired\":true,\"valueName\":\"search_term_string\"}}],\"inLanguage\":\"fr-FR\"},{\"@type\":\"Organization\",\"@id\":\"https:\\\/\\\/www.mtcamini.it\\\/#organization\",\"name\":\"MT Camini\",\"url\":\"https:\\\/\\\/www.mtcamini.it\\\/\",\"logo\":{\"@type\":\"ImageObject\",\"inLanguage\":\"fr-FR\",\"@id\":\"https:\\\/\\\/www.mtcamini.it\\\/#\\\/schema\\\/logo\\\/image\\\/\",\"url\":\"https:\\\/\\\/www.mtcamini.it\\\/wp-content\\\/uploads\\\/2022\\\/08\\\/cropped-favicon-logo-verde.jpg\",\"contentUrl\":\"https:\\\/\\\/www.mtcamini.it\\\/wp-content\\\/uploads\\\/2022\\\/08\\\/cropped-favicon-logo-verde.jpg\",\"width\":512,\"height\":512,\"caption\":\"MT Camini\"},\"image\":{\"@id\":\"https:\\\/\\\/www.mtcamini.it\\\/#\\\/schema\\\/logo\\\/image\\\/\"}}]}<\/script>\n<!-- \/ Yoast SEO plugin. -->","yoast_head_json":{"title":"Ventilation industrielle | MT Camini","robots":{"index":"index","follow":"follow","max-snippet":"max-snippet:-1","max-image-preview":"max-image-preview:large","max-video-preview":"max-video-preview:-1"},"canonical":"https:\/\/www.mtcamini.it\/fr\/systemes-industriels\/ventilation-industrielle\/","og_locale":"fr_FR","og_type":"article","og_title":"Ventilation industrielle | MT Camini","og_url":"https:\/\/www.mtcamini.it\/fr\/systemes-industriels\/ventilation-industrielle\/","og_site_name":"MT Camini","article_modified_time":"2026-04-21T12:47:31+00:00","twitter_card":"summary_large_image","schema":{"@context":"https:\/\/schema.org","@graph":[{"@type":"WebPage","@id":"https:\/\/www.mtcamini.it\/fr\/systemes-industriels\/ventilation-industrielle\/","url":"https:\/\/www.mtcamini.it\/fr\/systemes-industriels\/ventilation-industrielle\/","name":"Ventilation industrielle | MT Camini","isPartOf":{"@id":"https:\/\/www.mtcamini.it\/#website"},"datePublished":"2026-02-04T07:59:35+00:00","dateModified":"2026-04-21T12:47:31+00:00","breadcrumb":{"@id":"https:\/\/www.mtcamini.it\/fr\/systemes-industriels\/ventilation-industrielle\/#breadcrumb"},"inLanguage":"fr-FR","potentialAction":[{"@type":"ReadAction","target":["https:\/\/www.mtcamini.it\/fr\/systemes-industriels\/ventilation-industrielle\/"]}]},{"@type":"BreadcrumbList","@id":"https:\/\/www.mtcamini.it\/fr\/systemes-industriels\/ventilation-industrielle\/#breadcrumb","itemListElement":[{"@type":"ListItem","position":1,"name":"Home","item":"https:\/\/www.mtcamini.it\/fr\/"},{"@type":"ListItem","position":2,"name":"Syst\u00e8mes industriels","item":"https:\/\/www.mtcamini.it\/fr\/systemes-industriels\/"},{"@type":"ListItem","position":3,"name":"Ventilation industrielle"}]},{"@type":"WebSite","@id":"https:\/\/www.mtcamini.it\/#website","url":"https:\/\/www.mtcamini.it\/","name":"MT Camini","description":"Facciamo camini dal 1996","publisher":{"@id":"https:\/\/www.mtcamini.it\/#organization"},"potentialAction":[{"@type":"SearchAction","target":{"@type":"EntryPoint","urlTemplate":"https:\/\/www.mtcamini.it\/?s={search_term_string}"},"query-input":{"@type":"PropertyValueSpecification","valueRequired":true,"valueName":"search_term_string"}}],"inLanguage":"fr-FR"},{"@type":"Organization","@id":"https:\/\/www.mtcamini.it\/#organization","name":"MT Camini","url":"https:\/\/www.mtcamini.it\/","logo":{"@type":"ImageObject","inLanguage":"fr-FR","@id":"https:\/\/www.mtcamini.it\/#\/schema\/logo\/image\/","url":"https:\/\/www.mtcamini.it\/wp-content\/uploads\/2022\/08\/cropped-favicon-logo-verde.jpg","contentUrl":"https:\/\/www.mtcamini.it\/wp-content\/uploads\/2022\/08\/cropped-favicon-logo-verde.jpg","width":512,"height":512,"caption":"MT Camini"},"image":{"@id":"https:\/\/www.mtcamini.it\/#\/schema\/logo\/image\/"}}]}},"_links":{"self":[{"href":"https:\/\/www.mtcamini.it\/fr\/wp-json\/wp\/v2\/pages\/5111","targetHints":{"allow":["GET"]}}],"collection":[{"href":"https:\/\/www.mtcamini.it\/fr\/wp-json\/wp\/v2\/pages"}],"about":[{"href":"https:\/\/www.mtcamini.it\/fr\/wp-json\/wp\/v2\/types\/page"}],"author":[{"embeddable":true,"href":"https:\/\/www.mtcamini.it\/fr\/wp-json\/wp\/v2\/users\/7"}],"replies":[{"embeddable":true,"href":"https:\/\/www.mtcamini.it\/fr\/wp-json\/wp\/v2\/comments?post=5111"}],"version-history":[{"count":2,"href":"https:\/\/www.mtcamini.it\/fr\/wp-json\/wp\/v2\/pages\/5111\/revisions"}],"predecessor-version":[{"id":5113,"href":"https:\/\/www.mtcamini.it\/fr\/wp-json\/wp\/v2\/pages\/5111\/revisions\/5113"}],"up":[{"embeddable":true,"href":"https:\/\/www.mtcamini.it\/fr\/wp-json\/wp\/v2\/pages\/5098"}],"wp:attachment":[{"href":"https:\/\/www.mtcamini.it\/fr\/wp-json\/wp\/v2\/media?parent=5111"}],"curies":[{"name":"wp","href":"https:\/\/api.w.org\/{rel}","templated":true}]}}