{"id":5105,"date":"2026-02-04T09:59:32","date_gmt":"2026-02-04T07:59:32","guid":{"rendered":"https:\/\/www.mtcamini.it\/?page_id=5105"},"modified":"2026-04-21T14:45:47","modified_gmt":"2026-04-21T12:45:47","slug":"grandes-installations","status":"publish","type":"page","link":"https:\/\/www.mtcamini.it\/fr\/systemes-industriels\/grandes-installations\/","title":{"rendered":"Grandes Installations"},"content":{"rendered":"\n\t<section class=\"section\" id=\"section_2022266568\">\n\t\t<div class=\"section-bg fill\" >\n\t\t\t\t\t\t\t\t\t\n\t\t\t\n\n\t\t<\/div>\n\n\t\t\n\n\t\t<div class=\"section-content relative\">\n\t\t\t\n\n  <div class=\"banner has-hover\" id=\"banner-1074591450\">\n          <div class=\"banner-inner fill\">\n        <div class=\"banner-bg fill\" >\n            <img loading=\"lazy\" decoding=\"async\" width=\"2560\" height=\"1707\" src=\"https:\/\/www.mtcamini.it\/wp-content\/uploads\/2026\/01\/AdobeStock_117710404-scaled.jpeg\" class=\"bg attachment-original size-original\" alt=\"\" \/>                        <div class=\"overlay\"><\/div>            \n                    <\/div>\n\t\t\n        <div class=\"banner-layers container\">\n            <div class=\"fill banner-link\"><\/div>            \n   <div id=\"text-box-1470134742\" class=\"text-box banner-layer x0 md-x0 lg-x0 y50 md-y50 lg-y50 res-text\">\n                     <div data-animate=\"fadeInLeft\">           <div class=\"text-box-content text dark\">\n              \n              <div class=\"text-inner text-left\">\n                  \n<h3 class=\"headline_with_icon_superheadline\" style=\"margin-left: 20px;\"><span style=\"font-size: 85%;\">Syst\u00e8mes industriels<\/span><\/h3>\n<h1><span style=\"font-size: 140%;\">Conduits de fum\u00e9e pour grandes installations industrielles<\/span><\/h1>\n              <\/div>\n           <\/div>\n       <\/div>                     \n<style>\n#text-box-1470134742 {\n  width: 80%;\n}\n#text-box-1470134742 .text-box-content {\n  font-size: 100%;\n}\n<\/style>\n    <\/div>\n \n        <\/div>\n      <\/div>\n\n            \n<style>\n#banner-1074591450 {\n  padding-top: 650px;\n}\n#banner-1074591450 .overlay {\n  background-color: rgba(0, 0, 0, 0.5);\n}\n<\/style>\n  <\/div>\n\n\n\t\t<\/div>\n\n\t\t\n<style>\n#section_2022266568 {\n  padding-top: 0px;\n  padding-bottom: 0px;\n  min-height: 600px;\n}\n<\/style>\n\t<\/section>\n\t\n<div class=\"row align-middle\"  id=\"row-1759552674\">\n\n\t<div id=\"col-1715166074\" class=\"col small-12 large-12\"  >\n\t\t\t\t<div class=\"col-inner\"  >\n\t\t\t\n\t\t\t\n<h2><strong>Conception de conduits de fum\u00e9e pour grandes installations<\/strong><\/h2>\n<p><strong>MT Camini<\/strong> con\u00e7oit et r\u00e9alise des <strong>conduits de fum\u00e9e pour grandes installations industrielles<\/strong> selon une approche d\u2019ing\u00e9nierie compl\u00e8te int\u00e9grant l\u2019analyse des flux thermiques, la v\u00e9rification structurelle, le choix de mat\u00e9riaux anticorrosion et le calcul des dilatations thermiques. Chaque projet est dimensionn\u00e9 en fonction du <strong>d\u00e9bit des fum\u00e9es<\/strong>, de la temp\u00e9rature de fonctionnement et des exigences environnementales. Les solutions comprennent des <strong>syst\u00e8mes sur mesure en acier inoxydable<\/strong>, des rev\u00eatements r\u00e9fractaires ou des syst\u00e8mes composites, et sont compl\u00e9t\u00e9es par toute la <strong>documentation technique<\/strong> n\u00e9cessaire aux autorisations, aux essais et aux certifications, garantissant continuit\u00e9 op\u00e9rationnelle, s\u00e9curit\u00e9 et conformit\u00e9 aux limites d\u2019\u00e9mission.<\/p>\n\t\t<\/div>\n\t\t\t\t\t<\/div>\n\n\t\n<\/div>\n<div class=\"row align-middle\"  id=\"row-939372485\">\n\n\t<div id=\"col-1964534778\" class=\"col medium-6 small-12 large-6\"  >\n\t\t\t\t<div class=\"col-inner\"  >\n\t\t\t\n\t\t\t\n<h3 class=\"headline_with_icon_superheadline\" style=\"margin-left: 20px;\"><\/h3>\n<h2><strong>Conduits de fum\u00e9e pour grandes installations : r\u00e9alisation et installation<\/strong><\/h2>\n<p>La fabrication et l\u2019installation de <strong>conduits de fum\u00e9e pour grandes installations<\/strong> sont r\u00e9alis\u00e9es selon des proc\u00e9dures de montage sp\u00e9cialis\u00e9es, avec des tests de tirage et des syst\u00e8mes d\u2019acc\u00e8s int\u00e9gr\u00e9s pour l\u2019<strong>inspection<\/strong> et la <strong>maintenance<\/strong>. Nous proposons \u00e9galement des services de suivi des \u00e9missions et des plans de maintenance programm\u00e9e afin de r\u00e9duire les arr\u00eats de production. Nos prestations incluent les visites techniques sur site, la conception d\u00e9taill\u00e9e, la pr\u00e9fabrication en atelier et la <strong>pose certifi\u00e9e<\/strong>. Sur demande, nous pouvons \u00e9laborer une <strong>proposition technique personnalis\u00e9e<\/strong> en fonction du site, du type de combustible et du d\u00e9bit des fum\u00e9es, avec un <strong>devis d\u00e9taill\u00e9<\/strong>.<\/p>\n\n\t\n\n\n<div style=\"text-align: center\">\n<a href=\"\/fr\/contacts\/\" class=\"button success\" style=\"border-radius:10px;margin: auto\">\n\t<span>Demande d'informations<\/span>\n<\/a>\n<\/div>\n\n    \n\n\t\t<\/div>\n\t\t\t\t\t<\/div>\n\n\t\n\n\t<div id=\"col-1266661201\" class=\"col medium-6 small-12 large-6\"  >\n\t\t\t\t<div class=\"col-inner text-left\"  >\n\t\t\t\n\t\t\t\n\t<div class=\"img has-hover x md-x lg-x y md-y lg-y\" id=\"image_371534035\">\n\t\t\t\t\t\t\t\t<div class=\"img-inner image-cover dark\" style=\"padding-top:75%;\">\n\t\t\t<img loading=\"lazy\" decoding=\"async\" width=\"1020\" height=\"574\" src=\"https:\/\/www.mtcamini.it\/wp-content\/uploads\/2026\/02\/20240621_112935-1024x576.jpg\" class=\"attachment-large size-large\" alt=\"\" srcset=\"https:\/\/www.mtcamini.it\/wp-content\/uploads\/2026\/02\/20240621_112935-1024x576.jpg 1024w, https:\/\/www.mtcamini.it\/wp-content\/uploads\/2026\/02\/20240621_112935-300x169.jpg 300w, https:\/\/www.mtcamini.it\/wp-content\/uploads\/2026\/02\/20240621_112935-768x432.jpg 768w, https:\/\/www.mtcamini.it\/wp-content\/uploads\/2026\/02\/20240621_112935-1536x864.jpg 1536w, https:\/\/www.mtcamini.it\/wp-content\/uploads\/2026\/02\/20240621_112935-2048x1152.jpg 2048w\" sizes=\"auto, (max-width: 1020px) 100vw, 1020px\" \/>\t\t\t\t\t\t\n\t\t\t\t\t<\/div>\n\t\t\t\t\t\t\t\t\n<style>\n#image_371534035 {\n  width: 100%;\n}\n<\/style>\n\t<\/div>\n\t\n\t\t<\/div>\n\t\t\t\t\t<\/div>\n\n\t\n<\/div>\n","protected":false},"excerpt":{"rendered":"","protected":false},"author":7,"featured_media":0,"parent":5098,"menu_order":0,"comment_status":"closed","ping_status":"closed","template":"page-transparent-header.php","meta":{"_acf_changed":false,"footnotes":""},"class_list":["post-5105","page","type-page","status-publish","hentry"],"acf":[],"yoast_head":"<!-- This site is optimized with the Yoast SEO plugin v27.5 - https:\/\/yoast.com\/product\/yoast-seo-wordpress\/ -->\n<title>Grandes Installations | MT Camini<\/title>\n<meta name=\"robots\" content=\"index, follow, max-snippet:-1, max-image-preview:large, max-video-preview:-1\" \/>\n<link rel=\"canonical\" href=\"https:\/\/www.mtcamini.it\/fr\/systemes-industriels\/grandes-installations\/\" \/>\n<meta property=\"og:locale\" content=\"fr_FR\" \/>\n<meta property=\"og:type\" content=\"article\" \/>\n<meta property=\"og:title\" content=\"Grandes Installations | MT Camini\" \/>\n<meta property=\"og:url\" content=\"https:\/\/www.mtcamini.it\/fr\/systemes-industriels\/grandes-installations\/\" \/>\n<meta property=\"og:site_name\" content=\"MT Camini\" \/>\n<meta property=\"article:modified_time\" content=\"2026-04-21T12:45:47+00:00\" \/>\n<meta name=\"twitter:card\" content=\"summary_large_image\" \/>\n<script type=\"application\/ld+json\" class=\"yoast-schema-graph\">{\"@context\":\"https:\\\/\\\/schema.org\",\"@graph\":[{\"@type\":\"WebPage\",\"@id\":\"https:\\\/\\\/www.mtcamini.it\\\/fr\\\/systemes-industriels\\\/grandes-installations\\\/\",\"url\":\"https:\\\/\\\/www.mtcamini.it\\\/fr\\\/systemes-industriels\\\/grandes-installations\\\/\",\"name\":\"Grandes Installations | MT Camini\",\"isPartOf\":{\"@id\":\"https:\\\/\\\/www.mtcamini.it\\\/#website\"},\"datePublished\":\"2026-02-04T07:59:32+00:00\",\"dateModified\":\"2026-04-21T12:45:47+00:00\",\"breadcrumb\":{\"@id\":\"https:\\\/\\\/www.mtcamini.it\\\/fr\\\/systemes-industriels\\\/grandes-installations\\\/#breadcrumb\"},\"inLanguage\":\"fr-FR\",\"potentialAction\":[{\"@type\":\"ReadAction\",\"target\":[\"https:\\\/\\\/www.mtcamini.it\\\/fr\\\/systemes-industriels\\\/grandes-installations\\\/\"]}]},{\"@type\":\"BreadcrumbList\",\"@id\":\"https:\\\/\\\/www.mtcamini.it\\\/fr\\\/systemes-industriels\\\/grandes-installations\\\/#breadcrumb\",\"itemListElement\":[{\"@type\":\"ListItem\",\"position\":1,\"name\":\"Home\",\"item\":\"https:\\\/\\\/www.mtcamini.it\\\/fr\\\/\"},{\"@type\":\"ListItem\",\"position\":2,\"name\":\"Syst\u00e8mes industriels\",\"item\":\"https:\\\/\\\/www.mtcamini.it\\\/fr\\\/systemes-industriels\\\/\"},{\"@type\":\"ListItem\",\"position\":3,\"name\":\"Grandes Installations\"}]},{\"@type\":\"WebSite\",\"@id\":\"https:\\\/\\\/www.mtcamini.it\\\/#website\",\"url\":\"https:\\\/\\\/www.mtcamini.it\\\/\",\"name\":\"MT Camini\",\"description\":\"Facciamo camini dal 1996\",\"publisher\":{\"@id\":\"https:\\\/\\\/www.mtcamini.it\\\/#organization\"},\"potentialAction\":[{\"@type\":\"SearchAction\",\"target\":{\"@type\":\"EntryPoint\",\"urlTemplate\":\"https:\\\/\\\/www.mtcamini.it\\\/?s={search_term_string}\"},\"query-input\":{\"@type\":\"PropertyValueSpecification\",\"valueRequired\":true,\"valueName\":\"search_term_string\"}}],\"inLanguage\":\"fr-FR\"},{\"@type\":\"Organization\",\"@id\":\"https:\\\/\\\/www.mtcamini.it\\\/#organization\",\"name\":\"MT Camini\",\"url\":\"https:\\\/\\\/www.mtcamini.it\\\/\",\"logo\":{\"@type\":\"ImageObject\",\"inLanguage\":\"fr-FR\",\"@id\":\"https:\\\/\\\/www.mtcamini.it\\\/#\\\/schema\\\/logo\\\/image\\\/\",\"url\":\"https:\\\/\\\/www.mtcamini.it\\\/wp-content\\\/uploads\\\/2022\\\/08\\\/cropped-favicon-logo-verde.jpg\",\"contentUrl\":\"https:\\\/\\\/www.mtcamini.it\\\/wp-content\\\/uploads\\\/2022\\\/08\\\/cropped-favicon-logo-verde.jpg\",\"width\":512,\"height\":512,\"caption\":\"MT Camini\"},\"image\":{\"@id\":\"https:\\\/\\\/www.mtcamini.it\\\/#\\\/schema\\\/logo\\\/image\\\/\"}}]}<\/script>\n<!-- \/ Yoast SEO plugin. -->","yoast_head_json":{"title":"Grandes Installations | MT Camini","robots":{"index":"index","follow":"follow","max-snippet":"max-snippet:-1","max-image-preview":"max-image-preview:large","max-video-preview":"max-video-preview:-1"},"canonical":"https:\/\/www.mtcamini.it\/fr\/systemes-industriels\/grandes-installations\/","og_locale":"fr_FR","og_type":"article","og_title":"Grandes Installations | MT Camini","og_url":"https:\/\/www.mtcamini.it\/fr\/systemes-industriels\/grandes-installations\/","og_site_name":"MT Camini","article_modified_time":"2026-04-21T12:45:47+00:00","twitter_card":"summary_large_image","schema":{"@context":"https:\/\/schema.org","@graph":[{"@type":"WebPage","@id":"https:\/\/www.mtcamini.it\/fr\/systemes-industriels\/grandes-installations\/","url":"https:\/\/www.mtcamini.it\/fr\/systemes-industriels\/grandes-installations\/","name":"Grandes Installations | MT Camini","isPartOf":{"@id":"https:\/\/www.mtcamini.it\/#website"},"datePublished":"2026-02-04T07:59:32+00:00","dateModified":"2026-04-21T12:45:47+00:00","breadcrumb":{"@id":"https:\/\/www.mtcamini.it\/fr\/systemes-industriels\/grandes-installations\/#breadcrumb"},"inLanguage":"fr-FR","potentialAction":[{"@type":"ReadAction","target":["https:\/\/www.mtcamini.it\/fr\/systemes-industriels\/grandes-installations\/"]}]},{"@type":"BreadcrumbList","@id":"https:\/\/www.mtcamini.it\/fr\/systemes-industriels\/grandes-installations\/#breadcrumb","itemListElement":[{"@type":"ListItem","position":1,"name":"Home","item":"https:\/\/www.mtcamini.it\/fr\/"},{"@type":"ListItem","position":2,"name":"Syst\u00e8mes industriels","item":"https:\/\/www.mtcamini.it\/fr\/systemes-industriels\/"},{"@type":"ListItem","position":3,"name":"Grandes Installations"}]},{"@type":"WebSite","@id":"https:\/\/www.mtcamini.it\/#website","url":"https:\/\/www.mtcamini.it\/","name":"MT Camini","description":"Facciamo camini dal 1996","publisher":{"@id":"https:\/\/www.mtcamini.it\/#organization"},"potentialAction":[{"@type":"SearchAction","target":{"@type":"EntryPoint","urlTemplate":"https:\/\/www.mtcamini.it\/?s={search_term_string}"},"query-input":{"@type":"PropertyValueSpecification","valueRequired":true,"valueName":"search_term_string"}}],"inLanguage":"fr-FR"},{"@type":"Organization","@id":"https:\/\/www.mtcamini.it\/#organization","name":"MT Camini","url":"https:\/\/www.mtcamini.it\/","logo":{"@type":"ImageObject","inLanguage":"fr-FR","@id":"https:\/\/www.mtcamini.it\/#\/schema\/logo\/image\/","url":"https:\/\/www.mtcamini.it\/wp-content\/uploads\/2022\/08\/cropped-favicon-logo-verde.jpg","contentUrl":"https:\/\/www.mtcamini.it\/wp-content\/uploads\/2022\/08\/cropped-favicon-logo-verde.jpg","width":512,"height":512,"caption":"MT Camini"},"image":{"@id":"https:\/\/www.mtcamini.it\/#\/schema\/logo\/image\/"}}]}},"_links":{"self":[{"href":"https:\/\/www.mtcamini.it\/fr\/wp-json\/wp\/v2\/pages\/5105","targetHints":{"allow":["GET"]}}],"collection":[{"href":"https:\/\/www.mtcamini.it\/fr\/wp-json\/wp\/v2\/pages"}],"about":[{"href":"https:\/\/www.mtcamini.it\/fr\/wp-json\/wp\/v2\/types\/page"}],"author":[{"embeddable":true,"href":"https:\/\/www.mtcamini.it\/fr\/wp-json\/wp\/v2\/users\/7"}],"replies":[{"embeddable":true,"href":"https:\/\/www.mtcamini.it\/fr\/wp-json\/wp\/v2\/comments?post=5105"}],"version-history":[{"count":2,"href":"https:\/\/www.mtcamini.it\/fr\/wp-json\/wp\/v2\/pages\/5105\/revisions"}],"predecessor-version":[{"id":5107,"href":"https:\/\/www.mtcamini.it\/fr\/wp-json\/wp\/v2\/pages\/5105\/revisions\/5107"}],"up":[{"embeddable":true,"href":"https:\/\/www.mtcamini.it\/fr\/wp-json\/wp\/v2\/pages\/5098"}],"wp:attachment":[{"href":"https:\/\/www.mtcamini.it\/fr\/wp-json\/wp\/v2\/media?parent=5105"}],"curies":[{"name":"wp","href":"https:\/\/api.w.org\/{rel}","templated":true}]}}