{"id":5098,"date":"2026-02-04T10:03:33","date_gmt":"2026-02-04T08:03:33","guid":{"rendered":"https:\/\/www.mtcamini.it\/?page_id=5098"},"modified":"2026-04-21T14:49:53","modified_gmt":"2026-04-21T12:49:53","slug":"systemes-industriels","status":"publish","type":"page","link":"https:\/\/www.mtcamini.it\/fr\/systemes-industriels\/","title":{"rendered":"Syst\u00e8mes industriels"},"content":{"rendered":"\n\t<section class=\"section\" id=\"section_382709246\">\n\t\t<div class=\"section-bg fill\" >\n\t\t\t\t\t\t\t\t\t\n\t\t\t\n\n\t\t<\/div>\n\n\t\t\n\n\t\t<div class=\"section-content relative\">\n\t\t\t\n\n  <div class=\"banner has-hover\" id=\"banner-1491418097\">\n          <div class=\"banner-inner fill\">\n        <div class=\"banner-bg fill\" >\n            <img loading=\"lazy\" decoding=\"async\" width=\"2560\" height=\"1707\" src=\"https:\/\/www.mtcamini.it\/wp-content\/uploads\/2026\/02\/AdobeStock_109199631-scaled.jpeg\" class=\"bg attachment-original size-original\" alt=\"\" \/>                        <div class=\"overlay\"><\/div>            \n                    <\/div>\n\t\t\n        <div class=\"banner-layers container\">\n            <div class=\"fill banner-link\"><\/div>            \n   <div id=\"text-box-947788400\" class=\"text-box banner-layer x0 md-x0 lg-x0 y50 md-y50 lg-y50 res-text\">\n                     <div data-animate=\"fadeInLeft\">           <div class=\"text-box-content text dark\">\n              \n              <div class=\"text-inner text-left\">\n                  \n<h3 class=\"headline_with_icon_superheadline\" style=\"margin-left: 20px;\"><span style=\"font-size: 85%;\">Syst\u00e8mes industriels<\/span><\/h3>\n<h1><span style=\"font-size: 140%;\">Conduits de fum\u00e9e pour installations industrielles<\/span><\/h1>\n              <\/div>\n           <\/div>\n       <\/div>                     \n<style>\n#text-box-947788400 {\n  width: 51%;\n}\n#text-box-947788400 .text-box-content {\n  font-size: 100%;\n}\n<\/style>\n    <\/div>\n \n        <\/div>\n      <\/div>\n\n            \n<style>\n#banner-1491418097 {\n  padding-top: 650px;\n}\n#banner-1491418097 .overlay {\n  background-color: rgba(0, 0, 0, 0.5);\n}\n<\/style>\n  <\/div>\n\n\n\t\t<\/div>\n\n\t\t\n<style>\n#section_382709246 {\n  padding-top: 0px;\n  padding-bottom: 0px;\n  min-height: 600px;\n}\n<\/style>\n\t<\/section>\n\t\n<div class=\"row align-middle\"  id=\"row-639889628\">\n\n\t<div id=\"col-1857322365\" class=\"col small-12 large-12\"  >\n\t\t\t\t<div class=\"col-inner\"  >\n\t\t\t\n\t\t\t\n<h2><strong>Conception de conduits de fum\u00e9e industriels<\/strong><\/h2>\n<p><strong>MT Camini<\/strong> propose des services de <strong>conception de conduits de fum\u00e9e industriels<\/strong> destin\u00e9s aux sites de production, centrales thermiques et installations industrielles. Notre approche comprend l\u2019analyse technique du processus de combustion, le calcul du tirage et le choix des mat\u00e9riaux en fonction des fum\u00e9es et des temp\u00e9ratures de fonctionnement. Tous les projets respectent les <strong>r\u00e9glementations en vigueur<\/strong> ainsi que les exigences environnementales, et incluent des v\u00e9rifications structurelles, des solutions anticorrosion et des syst\u00e8mes d\u2019acc\u00e8s pour la maintenance. Chaque projet est compl\u00e9t\u00e9 par la <strong>documentation technique<\/strong> n\u00e9cessaire aux autorisations et aux essais, garantissant l\u2019efficacit\u00e9 op\u00e9rationnelle et la r\u00e9duction des risques li\u00e9s aux fuites et \u00e0 la condensation.<\/p>\n\t\t<\/div>\n\t\t\t\t\t<\/div>\n\n\t\n<\/div>\n<div class=\"row align-middle\"  id=\"row-255007751\">\n\n\t<div id=\"col-355738549\" class=\"col medium-6 small-12 large-6\"  >\n\t\t\t\t<div class=\"col-inner\"  >\n\t\t\t\n\t\t\t\n<h3 class=\"headline_with_icon_superheadline\" style=\"margin-left: 20px;\"><\/h3>\n<h2><strong>Conduits de fum\u00e9e industriels : devis sur mesure<\/strong><\/h2>\n<p>La r\u00e9alisation de conduits de fum\u00e9e pour installations industrielles est effectu\u00e9e avec des composants certifi\u00e9s (acier inoxydable, rev\u00eatements r\u00e9fractaires, isolations sp\u00e9cifiques) et un montage sp\u00e9cialis\u00e9 pour des parcours verticaux et horizontaux complexes. Des tests de tirage et un suivi des \u00e9missions sont r\u00e9alis\u00e9s afin de garantir la conformit\u00e9 aux limites autoris\u00e9es. Nous proposons des visites techniques sur site, des devis d\u00e9taill\u00e9s et des plans de maintenance programm\u00e9e afin de maintenir les performances des installations dans le temps et de r\u00e9duire les arr\u00eats de production. Sur demande, nous pouvons \u00e9laborer une proposition technique personnalis\u00e9e en fonction du site, du type de combustible et du d\u00e9bit des fum\u00e9es.<\/p>\n\n\t\n\n\n<div style=\"text-align: center\">\n<a href=\"\/fr\/contacts\/\" class=\"button success\" style=\"border-radius:10px;margin: auto\">\n\t<span>Demande d'informations<\/span>\n<\/a>\n<\/div>\n\n    \n\n\t\t<\/div>\n\t\t\t\t\t<\/div>\n\n\t\n\n\t<div id=\"col-1037904021\" class=\"col medium-6 small-12 large-6\"  >\n\t\t\t\t<div class=\"col-inner text-left\"  >\n\t\t\t\n\t\t\t\n\t<div class=\"img has-hover x md-x lg-x y md-y lg-y\" id=\"image_799001239\">\n\t\t\t\t\t\t\t\t<div class=\"img-inner image-cover dark\" style=\"padding-top:75%;\">\n\t\t\t<img loading=\"lazy\" decoding=\"async\" width=\"1020\" height=\"680\" src=\"https:\/\/www.mtcamini.it\/wp-content\/uploads\/2026\/01\/AdobeStock_1879591598-1024x683.jpeg\" class=\"attachment-large size-large\" alt=\"\" srcset=\"https:\/\/www.mtcamini.it\/wp-content\/uploads\/2026\/01\/AdobeStock_1879591598-1024x683.jpeg 1024w, https:\/\/www.mtcamini.it\/wp-content\/uploads\/2026\/01\/AdobeStock_1879591598-300x200.jpeg 300w, https:\/\/www.mtcamini.it\/wp-content\/uploads\/2026\/01\/AdobeStock_1879591598-768x512.jpeg 768w, https:\/\/www.mtcamini.it\/wp-content\/uploads\/2026\/01\/AdobeStock_1879591598-1536x1024.jpeg 1536w, https:\/\/www.mtcamini.it\/wp-content\/uploads\/2026\/01\/AdobeStock_1879591598-2048x1365.jpeg 2048w\" sizes=\"auto, (max-width: 1020px) 100vw, 1020px\" \/>\t\t\t\t\t\t\n\t\t\t\t\t<\/div>\n\t\t\t\t\t\t\t\t\n<style>\n#image_799001239 {\n  width: 100%;\n}\n<\/style>\n\t<\/div>\n\t\n\t\t<\/div>\n\t\t\t\t\t<\/div>\n\n\t\n<\/div>\n<div class=\"row\"  id=\"row-1938058344\">\n\n\t<div id=\"col-918100093\" class=\"col medium-4 small-12 large-4\"  >\n\t\t\t\t<div class=\"col-inner\"  >\n\t\t\t\n\t\t\t\n\t<div class=\"box has-hover   has-hover box-overlay dark box-text-bottom\" >\n\n\t\t<div class=\"box-image\" >\n\t\t\t<a href=\"https:\/\/www.mtcamini.it\/impianti-industriali\/grandi-impianti\/\" >\t\t\t<div class=\"image-zoom image-cover\" style=\"padding-top:100%;\">\n\t\t\t\t<img loading=\"lazy\" decoding=\"async\" width=\"2048\" height=\"1536\" src=\"https:\/\/www.mtcamini.it\/wp-content\/uploads\/2026\/02\/Grandi_impianti.jpeg\" class=\"attachment- size-\" alt=\"\" srcset=\"https:\/\/www.mtcamini.it\/wp-content\/uploads\/2026\/02\/Grandi_impianti.jpeg 2048w, https:\/\/www.mtcamini.it\/wp-content\/uploads\/2026\/02\/Grandi_impianti-300x225.jpeg 300w, https:\/\/www.mtcamini.it\/wp-content\/uploads\/2026\/02\/Grandi_impianti-1024x768.jpeg 1024w, https:\/\/www.mtcamini.it\/wp-content\/uploads\/2026\/02\/Grandi_impianti-768x576.jpeg 768w, https:\/\/www.mtcamini.it\/wp-content\/uploads\/2026\/02\/Grandi_impianti-1536x1152.jpeg 1536w\" sizes=\"auto, (max-width: 2048px) 100vw, 2048px\" \/>\t\t\t\t<div class=\"overlay\" style=\"background-color:1\"><\/div>\t\t\t\t\t\t\t<\/div>\n\t\t\t<\/a>\t\t<\/div>\n\n\t\t<div class=\"box-text text-left is-small\" >\n\t\t\t<div class=\"box-text-inner\">\n\t\t\t\t\n\t<div id=\"text-654507216\" class=\"text\">\n\t\t\n<h2>Grandes<br \/>\nInstallations<\/h2>\n\t\t\n<style>\n#text-654507216 {\n  font-size: 1.55rem;\n  text-align: left;\n  color: rgb(255, 255, 255);\n}\n#text-654507216 > * {\n  color: rgb(255, 255, 255);\n}\n<\/style>\n\t<\/div>\n\t\n\t\t\t<\/div>\n\t\t<\/div>\n\t<\/div>\n\t\n\t\t<\/div>\n\t\t\t\t\t<\/div>\n\n\t\n\n\t<div id=\"col-445120381\" class=\"col medium-4 small-12 large-4\"  >\n\t\t\t\t<div class=\"col-inner\"  >\n\t\t\t\n\t\t\t\n\t<div class=\"box has-hover   has-hover box-overlay dark box-text-bottom\" >\n\n\t\t<div class=\"box-image\" >\n\t\t\t<a href=\"https:\/\/www.mtcamini.it\/impianti-industriali\/ventilazione-industriale\/\" >\t\t\t<div class=\"image-zoom image-cover\" style=\"padding-top:100%;\">\n\t\t\t\t<img loading=\"lazy\" decoding=\"async\" width=\"1080\" height=\"1920\" src=\"https:\/\/www.mtcamini.it\/wp-content\/uploads\/2026\/02\/Ventilazione.jpeg\" class=\"attachment- size-\" alt=\"\" srcset=\"https:\/\/www.mtcamini.it\/wp-content\/uploads\/2026\/02\/Ventilazione.jpeg 1080w, https:\/\/www.mtcamini.it\/wp-content\/uploads\/2026\/02\/Ventilazione-169x300.jpeg 169w, https:\/\/www.mtcamini.it\/wp-content\/uploads\/2026\/02\/Ventilazione-576x1024.jpeg 576w, https:\/\/www.mtcamini.it\/wp-content\/uploads\/2026\/02\/Ventilazione-768x1365.jpeg 768w, https:\/\/www.mtcamini.it\/wp-content\/uploads\/2026\/02\/Ventilazione-864x1536.jpeg 864w\" sizes=\"auto, (max-width: 1080px) 100vw, 1080px\" \/>\t\t\t\t<div class=\"overlay\" style=\"background-color:1\"><\/div>\t\t\t\t\t\t\t<\/div>\n\t\t\t<\/a>\t\t<\/div>\n\n\t\t<div class=\"box-text text-left is-small\" >\n\t\t\t<div class=\"box-text-inner\">\n\t\t\t\t\n\t<div id=\"text-1921899609\" class=\"text\">\n\t\t\n<h2>Ventilation Industrielle<\/h2>\n\t\t\n<style>\n#text-1921899609 {\n  font-size: 1.55rem;\n  text-align: left;\n  color: rgb(255, 255, 255);\n}\n#text-1921899609 > * {\n  color: rgb(255, 255, 255);\n}\n<\/style>\n\t<\/div>\n\t\n\t\t\t<\/div>\n\t\t<\/div>\n\t<\/div>\n\t\n\t\t<\/div>\n\t\t\t\t\t<\/div>\n\n\t\n\n\t<div id=\"col-1340386986\" class=\"col medium-4 small-12 large-4\"  >\n\t\t\t\t<div class=\"col-inner\"  >\n\t\t\t\n\t\t\t\n\t<div class=\"box has-hover   has-hover box-overlay dark box-text-bottom\" >\n\n\t\t<div class=\"box-image\" >\n\t\t\t<a href=\"https:\/\/www.mtcamini.it\/impianti-industriali\/grandi-diametri\/\" >\t\t\t<div class=\"image-zoom image-cover\" style=\"padding-top:100%;\">\n\t\t\t\t<img loading=\"lazy\" decoding=\"async\" width=\"2560\" height=\"1435\" src=\"https:\/\/www.mtcamini.it\/wp-content\/uploads\/2026\/01\/AdobeStock_1561484723-scaled.jpeg\" class=\"attachment- size-\" alt=\"\" srcset=\"https:\/\/www.mtcamini.it\/wp-content\/uploads\/2026\/01\/AdobeStock_1561484723-scaled.jpeg 2560w, https:\/\/www.mtcamini.it\/wp-content\/uploads\/2026\/01\/AdobeStock_1561484723-300x168.jpeg 300w, https:\/\/www.mtcamini.it\/wp-content\/uploads\/2026\/01\/AdobeStock_1561484723-1024x574.jpeg 1024w, https:\/\/www.mtcamini.it\/wp-content\/uploads\/2026\/01\/AdobeStock_1561484723-768x430.jpeg 768w, https:\/\/www.mtcamini.it\/wp-content\/uploads\/2026\/01\/AdobeStock_1561484723-1536x861.jpeg 1536w, https:\/\/www.mtcamini.it\/wp-content\/uploads\/2026\/01\/AdobeStock_1561484723-2048x1148.jpeg 2048w\" sizes=\"auto, (max-width: 2560px) 100vw, 2560px\" \/>\t\t\t\t<div class=\"overlay\" style=\"background-color:1\"><\/div>\t\t\t\t\t\t\t<\/div>\n\t\t\t<\/a>\t\t<\/div>\n\n\t\t<div class=\"box-text text-left is-small\" >\n\t\t\t<div class=\"box-text-inner\">\n\t\t\t\t\n\t<div id=\"text-67390154\" class=\"text\">\n\t\t\n<h2>Grands<br \/>\nDiam\u00e8tres<\/h2>\n\t\t\n<style>\n#text-67390154 {\n  font-size: 1.55rem;\n  text-align: left;\n  color: rgb(255, 255, 255);\n}\n#text-67390154 > * {\n  color: rgb(255, 255, 255);\n}\n<\/style>\n\t<\/div>\n\t\n\t\t\t<\/div>\n\t\t<\/div>\n\t<\/div>\n\t\n\t\t<\/div>\n\t\t\t\t\t<\/div>\n\n\t\n<\/div>\n","protected":false},"excerpt":{"rendered":"","protected":false},"author":7,"featured_media":0,"parent":0,"menu_order":0,"comment_status":"closed","ping_status":"closed","template":"page-transparent-header.php","meta":{"_acf_changed":false,"footnotes":""},"class_list":["post-5098","page","type-page","status-publish","hentry"],"acf":[],"yoast_head":"<!-- This site is optimized with the Yoast SEO plugin v27.5 - https:\/\/yoast.com\/product\/yoast-seo-wordpress\/ -->\n<title>Syst\u00e8mes industriels | MT Camini<\/title>\n<meta name=\"robots\" content=\"index, follow, max-snippet:-1, max-image-preview:large, max-video-preview:-1\" \/>\n<link rel=\"canonical\" href=\"https:\/\/www.mtcamini.it\/fr\/systemes-industriels\/\" \/>\n<meta property=\"og:locale\" content=\"fr_FR\" \/>\n<meta property=\"og:type\" content=\"article\" \/>\n<meta property=\"og:title\" content=\"Syst\u00e8mes industriels | MT Camini\" \/>\n<meta property=\"og:url\" content=\"https:\/\/www.mtcamini.it\/fr\/systemes-industriels\/\" \/>\n<meta property=\"og:site_name\" content=\"MT Camini\" \/>\n<meta property=\"article:modified_time\" content=\"2026-04-21T12:49:53+00:00\" \/>\n<meta name=\"twitter:card\" content=\"summary_large_image\" \/>\n<meta name=\"twitter:label1\" content=\"Dur\u00e9e de lecture estim\u00e9e\" \/>\n\t<meta name=\"twitter:data1\" content=\"2 minutes\" \/>\n<script type=\"application\/ld+json\" class=\"yoast-schema-graph\">{\"@context\":\"https:\\\/\\\/schema.org\",\"@graph\":[{\"@type\":\"WebPage\",\"@id\":\"https:\\\/\\\/www.mtcamini.it\\\/fr\\\/systemes-industriels\\\/\",\"url\":\"https:\\\/\\\/www.mtcamini.it\\\/fr\\\/systemes-industriels\\\/\",\"name\":\"Syst\u00e8mes industriels | MT Camini\",\"isPartOf\":{\"@id\":\"https:\\\/\\\/www.mtcamini.it\\\/#website\"},\"datePublished\":\"2026-02-04T08:03:33+00:00\",\"dateModified\":\"2026-04-21T12:49:53+00:00\",\"breadcrumb\":{\"@id\":\"https:\\\/\\\/www.mtcamini.it\\\/fr\\\/systemes-industriels\\\/#breadcrumb\"},\"inLanguage\":\"fr-FR\",\"potentialAction\":[{\"@type\":\"ReadAction\",\"target\":[\"https:\\\/\\\/www.mtcamini.it\\\/fr\\\/systemes-industriels\\\/\"]}]},{\"@type\":\"BreadcrumbList\",\"@id\":\"https:\\\/\\\/www.mtcamini.it\\\/fr\\\/systemes-industriels\\\/#breadcrumb\",\"itemListElement\":[{\"@type\":\"ListItem\",\"position\":1,\"name\":\"Home\",\"item\":\"https:\\\/\\\/www.mtcamini.it\\\/fr\\\/\"},{\"@type\":\"ListItem\",\"position\":2,\"name\":\"Syst\u00e8mes industriels\"}]},{\"@type\":\"WebSite\",\"@id\":\"https:\\\/\\\/www.mtcamini.it\\\/#website\",\"url\":\"https:\\\/\\\/www.mtcamini.it\\\/\",\"name\":\"MT Camini\",\"description\":\"Facciamo camini dal 1996\",\"publisher\":{\"@id\":\"https:\\\/\\\/www.mtcamini.it\\\/#organization\"},\"potentialAction\":[{\"@type\":\"SearchAction\",\"target\":{\"@type\":\"EntryPoint\",\"urlTemplate\":\"https:\\\/\\\/www.mtcamini.it\\\/?s={search_term_string}\"},\"query-input\":{\"@type\":\"PropertyValueSpecification\",\"valueRequired\":true,\"valueName\":\"search_term_string\"}}],\"inLanguage\":\"fr-FR\"},{\"@type\":\"Organization\",\"@id\":\"https:\\\/\\\/www.mtcamini.it\\\/#organization\",\"name\":\"MT Camini\",\"url\":\"https:\\\/\\\/www.mtcamini.it\\\/\",\"logo\":{\"@type\":\"ImageObject\",\"inLanguage\":\"fr-FR\",\"@id\":\"https:\\\/\\\/www.mtcamini.it\\\/#\\\/schema\\\/logo\\\/image\\\/\",\"url\":\"https:\\\/\\\/www.mtcamini.it\\\/wp-content\\\/uploads\\\/2022\\\/08\\\/cropped-favicon-logo-verde.jpg\",\"contentUrl\":\"https:\\\/\\\/www.mtcamini.it\\\/wp-content\\\/uploads\\\/2022\\\/08\\\/cropped-favicon-logo-verde.jpg\",\"width\":512,\"height\":512,\"caption\":\"MT Camini\"},\"image\":{\"@id\":\"https:\\\/\\\/www.mtcamini.it\\\/#\\\/schema\\\/logo\\\/image\\\/\"}}]}<\/script>\n<!-- \/ Yoast SEO plugin. -->","yoast_head_json":{"title":"Syst\u00e8mes industriels | MT Camini","robots":{"index":"index","follow":"follow","max-snippet":"max-snippet:-1","max-image-preview":"max-image-preview:large","max-video-preview":"max-video-preview:-1"},"canonical":"https:\/\/www.mtcamini.it\/fr\/systemes-industriels\/","og_locale":"fr_FR","og_type":"article","og_title":"Syst\u00e8mes industriels | MT Camini","og_url":"https:\/\/www.mtcamini.it\/fr\/systemes-industriels\/","og_site_name":"MT Camini","article_modified_time":"2026-04-21T12:49:53+00:00","twitter_card":"summary_large_image","twitter_misc":{"Dur\u00e9e de lecture estim\u00e9e":"2 minutes"},"schema":{"@context":"https:\/\/schema.org","@graph":[{"@type":"WebPage","@id":"https:\/\/www.mtcamini.it\/fr\/systemes-industriels\/","url":"https:\/\/www.mtcamini.it\/fr\/systemes-industriels\/","name":"Syst\u00e8mes industriels | MT Camini","isPartOf":{"@id":"https:\/\/www.mtcamini.it\/#website"},"datePublished":"2026-02-04T08:03:33+00:00","dateModified":"2026-04-21T12:49:53+00:00","breadcrumb":{"@id":"https:\/\/www.mtcamini.it\/fr\/systemes-industriels\/#breadcrumb"},"inLanguage":"fr-FR","potentialAction":[{"@type":"ReadAction","target":["https:\/\/www.mtcamini.it\/fr\/systemes-industriels\/"]}]},{"@type":"BreadcrumbList","@id":"https:\/\/www.mtcamini.it\/fr\/systemes-industriels\/#breadcrumb","itemListElement":[{"@type":"ListItem","position":1,"name":"Home","item":"https:\/\/www.mtcamini.it\/fr\/"},{"@type":"ListItem","position":2,"name":"Syst\u00e8mes industriels"}]},{"@type":"WebSite","@id":"https:\/\/www.mtcamini.it\/#website","url":"https:\/\/www.mtcamini.it\/","name":"MT Camini","description":"Facciamo camini dal 1996","publisher":{"@id":"https:\/\/www.mtcamini.it\/#organization"},"potentialAction":[{"@type":"SearchAction","target":{"@type":"EntryPoint","urlTemplate":"https:\/\/www.mtcamini.it\/?s={search_term_string}"},"query-input":{"@type":"PropertyValueSpecification","valueRequired":true,"valueName":"search_term_string"}}],"inLanguage":"fr-FR"},{"@type":"Organization","@id":"https:\/\/www.mtcamini.it\/#organization","name":"MT Camini","url":"https:\/\/www.mtcamini.it\/","logo":{"@type":"ImageObject","inLanguage":"fr-FR","@id":"https:\/\/www.mtcamini.it\/#\/schema\/logo\/image\/","url":"https:\/\/www.mtcamini.it\/wp-content\/uploads\/2022\/08\/cropped-favicon-logo-verde.jpg","contentUrl":"https:\/\/www.mtcamini.it\/wp-content\/uploads\/2022\/08\/cropped-favicon-logo-verde.jpg","width":512,"height":512,"caption":"MT Camini"},"image":{"@id":"https:\/\/www.mtcamini.it\/#\/schema\/logo\/image\/"}}]}},"_links":{"self":[{"href":"https:\/\/www.mtcamini.it\/fr\/wp-json\/wp\/v2\/pages\/5098","targetHints":{"allow":["GET"]}}],"collection":[{"href":"https:\/\/www.mtcamini.it\/fr\/wp-json\/wp\/v2\/pages"}],"about":[{"href":"https:\/\/www.mtcamini.it\/fr\/wp-json\/wp\/v2\/types\/page"}],"author":[{"embeddable":true,"href":"https:\/\/www.mtcamini.it\/fr\/wp-json\/wp\/v2\/users\/7"}],"replies":[{"embeddable":true,"href":"https:\/\/www.mtcamini.it\/fr\/wp-json\/wp\/v2\/comments?post=5098"}],"version-history":[{"count":3,"href":"https:\/\/www.mtcamini.it\/fr\/wp-json\/wp\/v2\/pages\/5098\/revisions"}],"predecessor-version":[{"id":5121,"href":"https:\/\/www.mtcamini.it\/fr\/wp-json\/wp\/v2\/pages\/5098\/revisions\/5121"}],"wp:attachment":[{"href":"https:\/\/www.mtcamini.it\/fr\/wp-json\/wp\/v2\/media?parent=5098"}],"curies":[{"name":"wp","href":"https:\/\/api.w.org\/{rel}","templated":true}]}}