{"id":5091,"date":"2026-02-04T10:03:43","date_gmt":"2026-02-04T08:03:43","guid":{"rendered":"https:\/\/www.mtcamini.it\/?page_id=5091"},"modified":"2026-04-21T14:41:32","modified_gmt":"2026-04-21T12:41:32","slug":"systemes-residentiels","status":"publish","type":"page","link":"https:\/\/www.mtcamini.it\/fr\/systemes-residentiels\/","title":{"rendered":"Syst\u00e8mes r\u00e9sidentiels"},"content":{"rendered":"\n\t<section class=\"section\" id=\"section_1573459309\">\n\t\t<div class=\"section-bg fill\" >\n\t\t\t\t\t\t\t\t\t\n\t\t\t\n\n\t\t<\/div>\n\n\t\t\n\n\t\t<div class=\"section-content relative\">\n\t\t\t\n\n  <div class=\"banner has-hover\" id=\"banner-725606305\">\n          <div class=\"banner-inner fill\">\n        <div class=\"banner-bg fill\" >\n            <img loading=\"lazy\" decoding=\"async\" width=\"2560\" height=\"1706\" src=\"https:\/\/www.mtcamini.it\/wp-content\/uploads\/2026\/01\/AdobeStock_521872330-1-scaled.jpeg\" class=\"bg attachment-original size-original\" alt=\"\" \/>                        <div class=\"overlay\"><\/div>            \n                    <\/div>\n\t\t\n        <div class=\"banner-layers container\">\n            <div class=\"fill banner-link\"><\/div>            \n   <div id=\"text-box-391539128\" class=\"text-box banner-layer x0 md-x0 lg-x0 y50 md-y50 lg-y50 res-text\">\n                     <div data-animate=\"fadeInLeft\">           <div class=\"text-box-content text dark\">\n              \n              <div class=\"text-inner text-left\">\n                  \n<h3 class=\"headline_with_icon_superheadline\" style=\"margin-left: 20px;\"><span style=\"font-size: 85%;\">Syst\u00e8mes de conduits de fum\u00e9e r\u00e9sidentiels<\/span><\/h3>\n<h1><span style=\"font-size: 140%;\">Conduits de fum\u00e9e civils et r\u00e9sidentiels<\/span><\/h1>\n              <\/div>\n           <\/div>\n       <\/div>                     \n<style>\n#text-box-391539128 {\n  width: 80%;\n}\n#text-box-391539128 .text-box-content {\n  font-size: 100%;\n}\n<\/style>\n    <\/div>\n \n        <\/div>\n      <\/div>\n\n            \n<style>\n#banner-725606305 {\n  padding-top: 650px;\n}\n#banner-725606305 .overlay {\n  background-color: rgba(0, 0, 0, 0.5);\n}\n<\/style>\n  <\/div>\n\n\n\t\t<\/div>\n\n\t\t\n<style>\n#section_1573459309 {\n  padding-top: 0px;\n  padding-bottom: 0px;\n  min-height: 600px;\n}\n<\/style>\n\t<\/section>\n\t\n<div class=\"row align-middle\"  id=\"row-500581752\">\n\n\t<div id=\"col-769019631\" class=\"col small-12 large-12\"  >\n\t\t\t\t<div class=\"col-inner\"  >\n\t\t\t\n\t\t\t\n<h1><strong>Conception de conduits de fum\u00e9e civils<\/strong><\/h1>\n<p><strong>MT Camini<\/strong> se positionne comme une r\u00e9f\u00e9rence dans la conception et l\u2019installation de <strong>conduits de fum\u00e9e civils<\/strong>, en garantissant des <strong>syst\u00e8mes d\u2019\u00e9vacuation des fum\u00e9es<\/strong> capables de combiner hautes performances techniques et s\u00e9curit\u00e9 maximale pour les environnements r\u00e9sidentiels. Chaque intervention relative aux conduits de fum\u00e9e r\u00e9sidentiels est planifi\u00e9e dans le strict respect des <strong>r\u00e9glementations en vigueur<\/strong>, telles que la norme UNI 7129, afin d\u2019assurer un tirage optimal et une parfaite \u00e9tanch\u00e9it\u00e9 des gaz de combustion, aussi bien dans des contextes de copropri\u00e9t\u00e9 complexes que dans des habitations individuelles. Notre <strong>exp\u00e9rience de plusieurs d\u00e9cennies<\/strong> nous permet d\u2019identifier la configuration id\u00e9ale pour chaque type de g\u00e9n\u00e9rateur de chaleur, en optimisant l\u2019efficacit\u00e9 de l\u2019ensemble du syst\u00e8me thermique et en garantissant une protection durable contre les risques d\u2019incendie de suie ou de fuite de substances nocives dans les espaces de vie.<\/p>\n<p>Nous proposons \u00e9galement des services d\u00e9di\u00e9s aux administrateurs de copropri\u00e9t\u00e9 et aux installateurs de syst\u00e8mes thermiques dans le secteur r\u00e9sidentiel, avec un accompagnement technique sp\u00e9cialis\u00e9 pour la conception, la mise en conformit\u00e9 r\u00e9glementaire et la gestion des conduits de fum\u00e9e collectifs.<\/p>\n\t\t<\/div>\n\t\t\t\t\t<\/div>\n\n\t\n<\/div>\n<div class=\"row align-middle\"  id=\"row-1745013050\">\n\n\t<div id=\"col-874537097\" class=\"col medium-6 small-12 large-6\"  >\n\t\t\t\t<div class=\"col-inner\"  >\n\t\t\t\n\t\t\t\n<h3 class=\"headline_with_icon_superheadline\" style=\"margin-left: 20px;\"><\/h3>\n<h2><strong>Conduits de fum\u00e9e r\u00e9sidentiels certifi\u00e9s<\/strong><\/h2>\n<p>L\u2019utilisation de <strong>mat\u00e9riaux certifi\u00e9s<\/strong> et une <strong>attention extr\u00eame aux d\u00e9tails de construction<\/strong> repr\u00e9sentent les piliers de notre offre dans le secteur des conduits de fum\u00e9e civils, o\u00f9 la r\u00e9sistance \u00e0 la corrosion et aux hautes temp\u00e9ratures est essentielle pour assurer la durabilit\u00e9 des installations. En plus des nouvelles installations, <strong>MT Camini<\/strong> intervient avec professionnalisme dans la r\u00e9habilitation et le tubage des anciens conduits, transformant des syst\u00e8mes obsol\u00e8tes en installations modernes et performantes, pr\u00eates \u00e0 relever les d\u00e9fis de la transition \u00e9nerg\u00e9tique. \u00c0 la fin de chaque <strong>installation de conduits de fum\u00e9e r\u00e9sidentiels<\/strong>, nous fournissons toute la documentation n\u00e9cessaire de <strong>conformit\u00e9 technique<\/strong> ainsi que la <strong>d\u00e9claration de bonne ex\u00e9cution<\/strong>, lib\u00e9rant le client de toute contrainte administrative et confirmant l\u2019engagement de l\u2019entreprise envers des standards de qualit\u00e9 \u00e9lev\u00e9s, valorisant le bien immobilier et garantissant une totale tranquillit\u00e9 aux occupants.<\/p>\n\t\t<\/div>\n\t\t\t\t\t<\/div>\n\n\t\n\n\t<div id=\"col-539960638\" class=\"col medium-3 small-12 large-3\"  >\n\t\t\t\t<div class=\"col-inner text-left\"  >\n\t\t\t\n\t\t\t\n\t<div class=\"img has-hover x md-x lg-x y md-y lg-y\" id=\"image_349937514\">\n\t\t\t\t\t\t\t\t<div class=\"img-inner image-cover dark\" style=\"padding-top:100%;\">\n\t\t\t<img loading=\"lazy\" decoding=\"async\" width=\"768\" height=\"1024\" src=\"https:\/\/www.mtcamini.it\/wp-content\/uploads\/2026\/02\/Immagine_2_civile-768x1024.jpeg\" class=\"attachment-large size-large\" alt=\"\" srcset=\"https:\/\/www.mtcamini.it\/wp-content\/uploads\/2026\/02\/Immagine_2_civile-768x1024.jpeg 768w, https:\/\/www.mtcamini.it\/wp-content\/uploads\/2026\/02\/Immagine_2_civile-225x300.jpeg 225w, https:\/\/www.mtcamini.it\/wp-content\/uploads\/2026\/02\/Immagine_2_civile-1152x1536.jpeg 1152w, https:\/\/www.mtcamini.it\/wp-content\/uploads\/2026\/02\/Immagine_2_civile.jpeg 1200w\" sizes=\"auto, (max-width: 768px) 100vw, 768px\" \/>\t\t\t\t\t\t\n\t\t\t\t\t<\/div>\n\t\t\t\t\t\t\t\t\n<style>\n#image_349937514 {\n  width: 100%;\n}\n<\/style>\n\t<\/div>\n\t\n\t\t<\/div>\n\t\t\t\t\t<\/div>\n\n\t\n\n\t<div id=\"col-1304916076\" class=\"col medium-3 small-12 large-3\"  >\n\t\t\t\t<div class=\"col-inner text-left\"  >\n\t\t\t\n\t\t\t\n\t<div class=\"img has-hover x md-x lg-x y md-y lg-y\" id=\"image_1675308213\">\n\t\t\t\t\t\t\t\t<div class=\"img-inner image-cover dark\" style=\"padding-top:100%;\">\n\t\t\t<img loading=\"lazy\" decoding=\"async\" width=\"768\" height=\"1024\" src=\"https:\/\/www.mtcamini.it\/wp-content\/uploads\/2026\/02\/Immagine_1_civile-768x1024.jpeg\" class=\"attachment-large size-large\" alt=\"\" srcset=\"https:\/\/www.mtcamini.it\/wp-content\/uploads\/2026\/02\/Immagine_1_civile-768x1024.jpeg 768w, https:\/\/www.mtcamini.it\/wp-content\/uploads\/2026\/02\/Immagine_1_civile-225x300.jpeg 225w, https:\/\/www.mtcamini.it\/wp-content\/uploads\/2026\/02\/Immagine_1_civile-1152x1536.jpeg 1152w, https:\/\/www.mtcamini.it\/wp-content\/uploads\/2026\/02\/Immagine_1_civile.jpeg 1200w\" sizes=\"auto, (max-width: 768px) 100vw, 768px\" \/>\t\t\t\t\t\t\n\t\t\t\t\t<\/div>\n\t\t\t\t\t\t\t\t\n<style>\n#image_1675308213 {\n  width: 100%;\n}\n<\/style>\n\t<\/div>\n\t\n\t\t<\/div>\n\t\t\t\t\t<\/div>\n\n\t\n<\/div>\n","protected":false},"excerpt":{"rendered":"","protected":false},"author":7,"featured_media":0,"parent":0,"menu_order":0,"comment_status":"closed","ping_status":"closed","template":"page-transparent-header.php","meta":{"_acf_changed":false,"footnotes":""},"class_list":["post-5091","page","type-page","status-publish","hentry"],"acf":[],"yoast_head":"<!-- This site is optimized with the Yoast SEO plugin v27.5 - https:\/\/yoast.com\/product\/yoast-seo-wordpress\/ -->\n<title>Syst\u00e8mes r\u00e9sidentiels | MT Camini<\/title>\n<meta name=\"robots\" content=\"index, follow, max-snippet:-1, max-image-preview:large, max-video-preview:-1\" \/>\n<link rel=\"canonical\" href=\"https:\/\/www.mtcamini.it\/fr\/systemes-residentiels\/\" \/>\n<meta property=\"og:locale\" content=\"fr_FR\" \/>\n<meta property=\"og:type\" content=\"article\" \/>\n<meta property=\"og:title\" content=\"Syst\u00e8mes r\u00e9sidentiels | MT Camini\" \/>\n<meta property=\"og:url\" content=\"https:\/\/www.mtcamini.it\/fr\/systemes-residentiels\/\" \/>\n<meta property=\"og:site_name\" content=\"MT Camini\" \/>\n<meta property=\"article:modified_time\" content=\"2026-04-21T12:41:32+00:00\" \/>\n<meta name=\"twitter:card\" content=\"summary_large_image\" \/>\n<meta name=\"twitter:label1\" content=\"Dur\u00e9e de lecture estim\u00e9e\" \/>\n\t<meta name=\"twitter:data1\" content=\"3 minutes\" \/>\n<script type=\"application\/ld+json\" class=\"yoast-schema-graph\">{\"@context\":\"https:\\\/\\\/schema.org\",\"@graph\":[{\"@type\":\"WebPage\",\"@id\":\"https:\\\/\\\/www.mtcamini.it\\\/fr\\\/systemes-residentiels\\\/\",\"url\":\"https:\\\/\\\/www.mtcamini.it\\\/fr\\\/systemes-residentiels\\\/\",\"name\":\"Syst\u00e8mes r\u00e9sidentiels | MT Camini\",\"isPartOf\":{\"@id\":\"https:\\\/\\\/www.mtcamini.it\\\/#website\"},\"datePublished\":\"2026-02-04T08:03:43+00:00\",\"dateModified\":\"2026-04-21T12:41:32+00:00\",\"breadcrumb\":{\"@id\":\"https:\\\/\\\/www.mtcamini.it\\\/fr\\\/systemes-residentiels\\\/#breadcrumb\"},\"inLanguage\":\"fr-FR\",\"potentialAction\":[{\"@type\":\"ReadAction\",\"target\":[\"https:\\\/\\\/www.mtcamini.it\\\/fr\\\/systemes-residentiels\\\/\"]}]},{\"@type\":\"BreadcrumbList\",\"@id\":\"https:\\\/\\\/www.mtcamini.it\\\/fr\\\/systemes-residentiels\\\/#breadcrumb\",\"itemListElement\":[{\"@type\":\"ListItem\",\"position\":1,\"name\":\"Home\",\"item\":\"https:\\\/\\\/www.mtcamini.it\\\/fr\\\/\"},{\"@type\":\"ListItem\",\"position\":2,\"name\":\"Syst\u00e8mes r\u00e9sidentiels\"}]},{\"@type\":\"WebSite\",\"@id\":\"https:\\\/\\\/www.mtcamini.it\\\/#website\",\"url\":\"https:\\\/\\\/www.mtcamini.it\\\/\",\"name\":\"MT Camini\",\"description\":\"Facciamo camini dal 1996\",\"publisher\":{\"@id\":\"https:\\\/\\\/www.mtcamini.it\\\/#organization\"},\"potentialAction\":[{\"@type\":\"SearchAction\",\"target\":{\"@type\":\"EntryPoint\",\"urlTemplate\":\"https:\\\/\\\/www.mtcamini.it\\\/?s={search_term_string}\"},\"query-input\":{\"@type\":\"PropertyValueSpecification\",\"valueRequired\":true,\"valueName\":\"search_term_string\"}}],\"inLanguage\":\"fr-FR\"},{\"@type\":\"Organization\",\"@id\":\"https:\\\/\\\/www.mtcamini.it\\\/#organization\",\"name\":\"MT Camini\",\"url\":\"https:\\\/\\\/www.mtcamini.it\\\/\",\"logo\":{\"@type\":\"ImageObject\",\"inLanguage\":\"fr-FR\",\"@id\":\"https:\\\/\\\/www.mtcamini.it\\\/#\\\/schema\\\/logo\\\/image\\\/\",\"url\":\"https:\\\/\\\/www.mtcamini.it\\\/wp-content\\\/uploads\\\/2022\\\/08\\\/cropped-favicon-logo-verde.jpg\",\"contentUrl\":\"https:\\\/\\\/www.mtcamini.it\\\/wp-content\\\/uploads\\\/2022\\\/08\\\/cropped-favicon-logo-verde.jpg\",\"width\":512,\"height\":512,\"caption\":\"MT Camini\"},\"image\":{\"@id\":\"https:\\\/\\\/www.mtcamini.it\\\/#\\\/schema\\\/logo\\\/image\\\/\"}}]}<\/script>\n<!-- \/ Yoast SEO plugin. -->","yoast_head_json":{"title":"Syst\u00e8mes r\u00e9sidentiels | MT Camini","robots":{"index":"index","follow":"follow","max-snippet":"max-snippet:-1","max-image-preview":"max-image-preview:large","max-video-preview":"max-video-preview:-1"},"canonical":"https:\/\/www.mtcamini.it\/fr\/systemes-residentiels\/","og_locale":"fr_FR","og_type":"article","og_title":"Syst\u00e8mes r\u00e9sidentiels | MT Camini","og_url":"https:\/\/www.mtcamini.it\/fr\/systemes-residentiels\/","og_site_name":"MT Camini","article_modified_time":"2026-04-21T12:41:32+00:00","twitter_card":"summary_large_image","twitter_misc":{"Dur\u00e9e de lecture estim\u00e9e":"3 minutes"},"schema":{"@context":"https:\/\/schema.org","@graph":[{"@type":"WebPage","@id":"https:\/\/www.mtcamini.it\/fr\/systemes-residentiels\/","url":"https:\/\/www.mtcamini.it\/fr\/systemes-residentiels\/","name":"Syst\u00e8mes r\u00e9sidentiels | MT Camini","isPartOf":{"@id":"https:\/\/www.mtcamini.it\/#website"},"datePublished":"2026-02-04T08:03:43+00:00","dateModified":"2026-04-21T12:41:32+00:00","breadcrumb":{"@id":"https:\/\/www.mtcamini.it\/fr\/systemes-residentiels\/#breadcrumb"},"inLanguage":"fr-FR","potentialAction":[{"@type":"ReadAction","target":["https:\/\/www.mtcamini.it\/fr\/systemes-residentiels\/"]}]},{"@type":"BreadcrumbList","@id":"https:\/\/www.mtcamini.it\/fr\/systemes-residentiels\/#breadcrumb","itemListElement":[{"@type":"ListItem","position":1,"name":"Home","item":"https:\/\/www.mtcamini.it\/fr\/"},{"@type":"ListItem","position":2,"name":"Syst\u00e8mes r\u00e9sidentiels"}]},{"@type":"WebSite","@id":"https:\/\/www.mtcamini.it\/#website","url":"https:\/\/www.mtcamini.it\/","name":"MT Camini","description":"Facciamo camini dal 1996","publisher":{"@id":"https:\/\/www.mtcamini.it\/#organization"},"potentialAction":[{"@type":"SearchAction","target":{"@type":"EntryPoint","urlTemplate":"https:\/\/www.mtcamini.it\/?s={search_term_string}"},"query-input":{"@type":"PropertyValueSpecification","valueRequired":true,"valueName":"search_term_string"}}],"inLanguage":"fr-FR"},{"@type":"Organization","@id":"https:\/\/www.mtcamini.it\/#organization","name":"MT Camini","url":"https:\/\/www.mtcamini.it\/","logo":{"@type":"ImageObject","inLanguage":"fr-FR","@id":"https:\/\/www.mtcamini.it\/#\/schema\/logo\/image\/","url":"https:\/\/www.mtcamini.it\/wp-content\/uploads\/2022\/08\/cropped-favicon-logo-verde.jpg","contentUrl":"https:\/\/www.mtcamini.it\/wp-content\/uploads\/2022\/08\/cropped-favicon-logo-verde.jpg","width":512,"height":512,"caption":"MT Camini"},"image":{"@id":"https:\/\/www.mtcamini.it\/#\/schema\/logo\/image\/"}}]}},"_links":{"self":[{"href":"https:\/\/www.mtcamini.it\/fr\/wp-json\/wp\/v2\/pages\/5091","targetHints":{"allow":["GET"]}}],"collection":[{"href":"https:\/\/www.mtcamini.it\/fr\/wp-json\/wp\/v2\/pages"}],"about":[{"href":"https:\/\/www.mtcamini.it\/fr\/wp-json\/wp\/v2\/types\/page"}],"author":[{"embeddable":true,"href":"https:\/\/www.mtcamini.it\/fr\/wp-json\/wp\/v2\/users\/7"}],"replies":[{"embeddable":true,"href":"https:\/\/www.mtcamini.it\/fr\/wp-json\/wp\/v2\/comments?post=5091"}],"version-history":[{"count":3,"href":"https:\/\/www.mtcamini.it\/fr\/wp-json\/wp\/v2\/pages\/5091\/revisions"}],"predecessor-version":[{"id":5094,"href":"https:\/\/www.mtcamini.it\/fr\/wp-json\/wp\/v2\/pages\/5091\/revisions\/5094"}],"wp:attachment":[{"href":"https:\/\/www.mtcamini.it\/fr\/wp-json\/wp\/v2\/media?parent=5091"}],"curies":[{"name":"wp","href":"https:\/\/api.w.org\/{rel}","templated":true}]}}